{"id":462,"date":"2016-12-01T14:35:26","date_gmt":"2016-12-01T12:35:26","guid":{"rendered":"http:\/\/ylimaarianapteekki.fi\/?page_id=462\/"},"modified":"2017-01-02T14:33:37","modified_gmt":"2017-01-02T12:33:37","slug":"tervetuloa","status":"publish","type":"page","link":"https:\/\/ylimaarianapteekki.fi\/de\/","title":{"rendered":"Willkommen"},"content":{"rendered":"<section class=\"wpb-content-wrapper\"><p>[vc_row row_height_percent=&#8220;0&#8243; override_padding=&#8220;yes&#8220; h_padding=&#8220;0&#8243; top_padding=&#8220;1&#8243; bottom_padding=&#8220;0&#8243; overlay_alpha=&#8220;50&#8243; equal_height=&#8220;yes&#8220; gutter_size=&#8220;0&#8243; shift_y=&#8220;0&#8243;][vc_column column_width_percent=&#8220;100&#8243; position_vertical=&#8220;middle&#8220; align_horizontal=&#8220;align_center&#8220; style=&#8220;dark&#8220; back_color=&#8220;accent&#8220; overlay_alpha=&#8220;50&#8243; gutter_size=&#8220;3&#8243; align_medium=&#8220;align_left_tablet&#8220; medium_width=&#8220;4&#8243; shift_x=&#8220;0&#8243; shift_y=&#8220;0&#8243; z_index=&#8220;0&#8243; width=&#8220;1\/3&#8243; el_class=&#8220;info-box&#8220;][vc_column_text]<\/p>\n<h1><strong>Die Apotheke hat Dienst jeden Tag, auch Sonntags<\/strong><\/h1>\n<hr \/>\n<h3><span class=\"open\">\u00d6ffnungszeiten<\/span>:<\/h3>\n<p>MO \u2013 DO [easy_options id=&#8220;ya_mape&#8220;]<br \/>\nFR [easy_options id=&#8220;ya_la&#8220;]<br \/>\nSAM [easy_options id=&#8220;ya_su&#8220;]<\/p>\n<hr \/>\n<p>Tel. <a href=\"tel:+35822349100\">02 234 9100<\/a><\/p>\n<p><a href=\"https:\/\/goo.gl\/maps\/hsYxm8Tdnvy\">Mittumaarintie 73,<br \/>\n20400 Turku<\/a>[\/vc_column_text][\/vc_column][vc_column column_width_percent=&#8220;100&#8243; back_image=&#8220;18&#8243; back_position=&#8220;center center&#8220; overlay_alpha=&#8220;50&#8243; gutter_size=&#8220;3&#8243; medium_width=&#8220;4&#8243; shift_x=&#8220;0&#8243; shift_y=&#8220;0&#8243; z_index=&#8220;0&#8243; width=&#8220;2\/3&#8243;][vc_empty_space empty_h=&#8220;2&#8243; el_class=&#8220;filleri&#8220;][\/vc_column][\/vc_row][vc_row][vc_column width=&#8220;2\/3&#8243;][vc_column_text el_class=&#8220;lead&#8220;]<\/p>\n<div id=\"content\">\n<h2>Medikamente auf Rezept beim Warten oder Sie k\u00f6nnen inzwischen einkaufen gehen!<\/h2>\n<ul>\n<li>Sie bekommen schnell professionelle, kundenorientierte und pers\u00f6nliche Bedienung bei den separaten Dienstpunkten f\u00fcr rezeptpflichtige Medikamente<\/li>\n<li>Unsere Personal informiert Sie \u00fcber das sichere Verwenden von verschiedenen Medikamenten und hilft Ihnen, gerade die richtigen Produkte zu finden.<\/li>\n<li>Unsere Angebote sparen Ihr Geld.<\/li>\n<li>Laut Vereinbarung folgen wir die j\u00e4hrliche Summe der rezeptpflichtigen Medikamente, damit wenn die von ihnen zu bezahlende Summe die von Kela gesetzte Grenze \u00fcberschreitet, Sie eine Zusatzunterst\u00fctzung von Kela beantragen k\u00f6nnen.<\/li>\n<\/ul>\n<p><strong>Wussten Sie, dass Medikamente sch\u00e4dliche Wechselwirkungen haben k\u00f6nnen?<\/strong><br \/>\nWir kontrollieren immer, dass die verschiedenen Medikamente miteinander kompatibel sind. Sollten wir Risikokombinationen feststellen, kontaktieren wir den pflegenden Arzt.<\/p>\n<\/div>\n<p>[\/vc_column_text][\/vc_column][vc_column width=&#8220;1\/3&#8243;][vc_column_text el_class=&#8220;bubble&#8220;]Meilt\u00e4 my\u00f6s eReseptit![\/vc_column_text][vc_single_image media=&#8220;271&#8243; media_width_use_pixel=&#8220;yes&#8220; alignment=&#8220;center&#8220; media_width_pixel=&#8220;280&#8243;][\/vc_column][\/vc_row][vc_row row_height_percent=&#8220;0&#8243; override_padding=&#8220;yes&#8220; h_padding=&#8220;0&#8243; top_padding=&#8220;2&#8243; bottom_padding=&#8220;2&#8243; overlay_alpha=&#8220;50&#8243; equal_height=&#8220;yes&#8220; gutter_size=&#8220;0&#8243; shift_y=&#8220;0&#8243;][vc_column column_width_percent=&#8220;100&#8243; back_color=&#8220;color-gyho&#8220; overlay_alpha=&#8220;50&#8243; gutter_size=&#8220;3&#8243; medium_width=&#8220;3&#8243; shift_x=&#8220;0&#8243; shift_y=&#8220;0&#8243; z_index=&#8220;0&#8243; width=&#8220;1\/3&#8243; el_class=&#8220;col-tarjoukset&#8220;][vc_column_text el_class=&#8220;lead&#8220;]<\/p>\n<h3>Angebote<\/h3>\n<p>[\/vc_column_text][vc_column_text]<form autocomplete=\"off\" name=\"wpv-filter-96\" action=\"\/de\/wp-json\/wp\/v2\/pages\/462?wpv_view_count=96\" method=\"get\" class=\"wpv-filter-form js-wpv-filter-form js-wpv-filter-form-96 js-wpv-form-full\" data-viewnumber=\"96\" data-viewid=\"96\" data-viewhash=\"eyJuYW1lIjoidGFyam91a3NldC1zaW5nbGUifQ==\" data-viewwidgetid=\"0\" data-orderby=\"\" data-order=\"\" data-orderbyas=\"\" data-orderbysecond=\"\" data-ordersecond=\"\" data-parametric=\"{&quot;query&quot;:&quot;normal&quot;,&quot;id&quot;:96,&quot;view_id&quot;:96,&quot;widget_id&quot;:0,&quot;view_hash&quot;:&quot;96&quot;,&quot;action&quot;:&quot;\\\/de\\\/wp-json\\\/wp\\\/v2\\\/pages\\\/462?wpv_view_count=96&quot;,&quot;sort&quot;:{&quot;orderby&quot;:&quot;&quot;,&quot;order&quot;:&quot;&quot;,&quot;orderby_as&quot;:&quot;&quot;,&quot;orderby_second&quot;:&quot;&quot;,&quot;order_second&quot;:&quot;&quot;},&quot;orderby&quot;:&quot;&quot;,&quot;order&quot;:&quot;&quot;,&quot;orderby_as&quot;:&quot;&quot;,&quot;orderby_second&quot;:&quot;&quot;,&quot;order_second&quot;:&quot;&quot;,&quot;ajax_form&quot;:&quot;&quot;,&quot;ajax_results&quot;:&quot;&quot;,&quot;effect&quot;:&quot;fade&quot;,&quot;prebefore&quot;:&quot;&quot;,&quot;before&quot;:&quot;&quot;,&quot;after&quot;:&quot;&quot;,&quot;attributes&quot;:[],&quot;environment&quot;:{&quot;current_post_id&quot;:462,&quot;parent_post_id&quot;:462,&quot;parent_term_id&quot;:0,&quot;parent_user_id&quot;:0,&quot;archive&quot;:{&quot;type&quot;:&quot;&quot;,&quot;name&quot;:&quot;&quot;,&quot;data&quot;:[]}},&quot;loop&quot;:{&quot;type&quot;:&quot;&quot;,&quot;name&quot;:&quot;&quot;,&quot;data&quot;:[],&quot;id&quot;:0}}\" data-attributes=\"[]\" data-environment=\"{&quot;current_post_id&quot;:462,&quot;parent_post_id&quot;:462,&quot;parent_term_id&quot;:0,&quot;parent_user_id&quot;:0,&quot;archive&quot;:{&quot;type&quot;:&quot;&quot;,&quot;name&quot;:&quot;&quot;,&quot;data&quot;:[]}}\"><input type=\"hidden\" class=\"js-wpv-dps-filter-data js-wpv-filter-data-for-this-form\" data-action=\"\/de\/wp-json\/wp\/v2\/pages\/462?wpv_view_count=96\" data-page=\"1\" data-ajax=\"disable\" data-effect=\"fade\" data-maxpages=\"0\" data-ajaxprebefore=\"\" data-ajaxbefore=\"\" data-ajaxafter=\"\" \/><input class=\"wpv_view_count wpv_view_count-96\" type=\"hidden\" name=\"wpv_view_count\" value=\"96\" \/>\n\n<\/form>\n<div id=\"wpv-view-layout-96\" class=\"js-wpv-view-layout js-wpv-layout-responsive js-wpv-view-layout-96 wpv-pagination js-wpv-layout-has-pagination wpv-pagination-preload-images js-wpv-layout-preload-images wpv-pagination-preload-pages js-wpv-layout-preload-pages\" style=\"visibility:hidden;\" data-viewnumber=\"96\" data-pagination=\"{&quot;id&quot;:96,&quot;query&quot;:&quot;normal&quot;,&quot;type&quot;:&quot;rollover&quot;,&quot;effect&quot;:&quot;fade&quot;,&quot;duration&quot;:500,&quot;speed&quot;:5,&quot;pause_on_hover&quot;:&quot;disabled&quot;,&quot;stop_rollover&quot;:&quot;true&quot;,&quot;cache_pages&quot;:&quot;enabled&quot;,&quot;preload_images&quot;:&quot;enabled&quot;,&quot;preload_pages&quot;:&quot;enabled&quot;,&quot;preload_reach&quot;:1,&quot;spinner&quot;:&quot;builtin&quot;,&quot;spinner_image&quot;:&quot;&quot;,&quot;callback_next&quot;:&quot;&quot;,&quot;manage_history&quot;:&quot;enabled&quot;,&quot;has_controls_in_form&quot;:&quot;disabled&quot;,&quot;infinite_tolerance&quot;:0,&quot;max_pages&quot;:0,&quot;page&quot;:1,&quot;base_permalink&quot;:&quot;\/de\/wp-json\/wp\/v2\/pages\/462?wpv_view_count=96&amp;wpv_paged=WPV_PAGE_NUM&quot;,&quot;loop&quot;:{&quot;type&quot;:&quot;&quot;,&quot;name&quot;:&quot;&quot;,&quot;data&quot;:[],&quot;id&quot;:0}}\" data-permalink=\"\/de\/wp-json\/wp\/v2\/pages\/462?wpv_view_count=96\">\n\n\t\n\t\n\t\t<strong>Ei tarjouksia t\u00e4ll\u00e4hetkell\u00e4.<\/strong>\n\t\n<\/div>\n[\/vc_column_text][vc_button button_color=&#8220;accent&#8220; size=&#8220;btn-lg&#8220; wide=&#8220;yes&#8220; link=&#8220;url:http%3A%2F%2Fylimaaria.skanssinapteekki.fi%2Ftarjoukset%2F|||&#8220; el_class=&#8220;kaikki-tarjoukset-nappi&#8220;]<span id=\"result_box\" class=\"short_text\" lang=\"de\"><span class=\"\">Sehen Sie alle Angebote<\/span><\/span>[\/vc_button][\/vc_column][vc_column column_width_percent=&#8220;100&#8243; style=&#8220;dark&#8220; back_color=&#8220;accent&#8220; overlay_alpha=&#8220;50&#8243; gutter_size=&#8220;3&#8243; medium_width=&#8220;3&#8243; shift_x=&#8220;0&#8243; shift_y=&#8220;0&#8243; z_index=&#8220;0&#8243; width=&#8220;1\/3&#8243;][vc_column_text el_class=&#8220;lead&#8220;]<\/p>\n<h3>Nachrichten<\/h3>\n<p>[\/vc_column_text][vc_column_text][custom-facebook-feed num=1][\/vc_column_text][\/vc_column][vc_column column_width_percent=&#8220;100&#8243; style=&#8220;dark&#8220; back_color=&#8220;color-dfgh&#8220; overlay_alpha=&#8220;50&#8243; gutter_size=&#8220;3&#8243; medium_width=&#8220;3&#8243; shift_x=&#8220;0&#8243; shift_y=&#8220;0&#8243; z_index=&#8220;0&#8243; width=&#8220;1\/3&#8243;][vc_column_text el_class=&#8220;lead&#8220;]<\/p>\n<h3>Gesundheit Nachrichten<\/h3>\n<p>[\/vc_column_text][vc_column_text el_class=&#8220;rss&#8220;][rssonpage rss=&#8220;http:\/\/www.apteekki.fi\/terveydeksi\/uutiset.rss&#8220; feeds=&#8220;4&#8243; excerpt=&#8220;false&#8220; target=&#8220;_blank&#8220;][\/vc_column_text][\/vc_column][\/vc_row]<\/p>\n<\/section>","protected":false},"excerpt":{"rendered":"<p>[vc_row row_height_percent=&#8220;0&#8243; override_padding=&#8220;yes&#8220; h_padding=&#8220;0&#8243; top_padding=&#8220;1&#8243; bottom_padding=&#8220;0&#8243; overlay_alpha=&#8220;50&#8243; equal_height=&#8220;yes&#8220; gutter_size=&#8220;0&#8243; shift_y=&#8220;0&#8243;][vc_column column_width_percent=&#8220;100&#8243; position_vertical=&#8220;middle&#8220; align_horizontal=&#8220;align_center&#8220; style=&#8220;dark&#8220; back_color=&#8220;accent&#8220; overlay_alpha=&#8220;50&#8243; gutter_size=&#8220;3&#8243; align_medium=&#8220;align_left_tablet&#8220; medium_width=&#8220;4&#8243; shift_x=&#8220;0&#8243; [&hellip;]<\/p>\n","protected":false},"author":1,"featured_media":0,"parent":0,"menu_order":12,"comment_status":"closed","ping_status":"open","template":"","meta":{"footnotes":""},"class_list":["post-462","page","type-page","status-publish","hentry"],"publishpress_future_action":{"enabled":false,"date":"2026-05-07 05:33:16","action":"change-status","newStatus":"draft","terms":[],"taxonomy":"page_category","extraData":[]},"publishpress_future_workflow_manual_trigger":{"enabledWorkflows":[]},"_links":{"self":[{"href":"https:\/\/ylimaarianapteekki.fi\/de\/wp-json\/wp\/v2\/pages\/462","targetHints":{"allow":["GET"]}}],"collection":[{"href":"https:\/\/ylimaarianapteekki.fi\/de\/wp-json\/wp\/v2\/pages"}],"about":[{"href":"https:\/\/ylimaarianapteekki.fi\/de\/wp-json\/wp\/v2\/types\/page"}],"author":[{"embeddable":true,"href":"https:\/\/ylimaarianapteekki.fi\/de\/wp-json\/wp\/v2\/users\/1"}],"replies":[{"embeddable":true,"href":"https:\/\/ylimaarianapteekki.fi\/de\/wp-json\/wp\/v2\/comments?post=462"}],"version-history":[{"count":6,"href":"https:\/\/ylimaarianapteekki.fi\/de\/wp-json\/wp\/v2\/pages\/462\/revisions"}],"predecessor-version":[{"id":683,"href":"https:\/\/ylimaarianapteekki.fi\/de\/wp-json\/wp\/v2\/pages\/462\/revisions\/683"}],"wp:attachment":[{"href":"https:\/\/ylimaarianapteekki.fi\/de\/wp-json\/wp\/v2\/media?parent=462"}],"curies":[{"name":"wp","href":"https:\/\/api.w.org\/{rel}","templated":true}]}}