{"id":490,"date":"2016-12-01T15:47:58","date_gmt":"2016-12-01T13:47:58","guid":{"rendered":"http:\/\/ylimaarianapteekki.fi\/?page_id=490\/"},"modified":"2017-01-03T14:46:56","modified_gmt":"2017-01-03T12:46:56","slug":"stammkundschaft","status":"publish","type":"page","link":"https:\/\/ylimaarianapteekki.fi\/de\/stammkundschaft\/","title":{"rendered":"Stammkundschaft"},"content":{"rendered":"<section class=\"wpb-content-wrapper\"><p>[vc_row][vc_column width=&#8220;2\/3&#8243;][vc_column_text el_class=&#8220;lead&#8220;]<\/p>\n<h2>Stammkunde werden, jetzt!<\/h2>\n<p>Die <span id=\"result_box\" class=\"short_text\" lang=\"de\"><span class=\"alt-edited\">Yli-Maaria Apotheke<\/span><\/span> beginnt ein neues Programm der Stammkundschaft. Dadurch k\u00f6nnen wir Sie noch individueller bedienen. Als Stammkunde bekommen Sie permanente Rabatte von den Produkten des rezeptfreien Verkaufs, Information \u00fcber Gesundheit und Medikamente, Angebote f\u00fcr Stammkunden und aktuelle Information \u00fcber Neuigkeiten und Angebote.<\/p>\n<p>[\/vc_column_text][vc_column_text]<\/p>\n<h3><strong>Es lohnt sich, die Medikamente konzentriert in einer Apotheke zu kaufen.<\/strong><\/h3>\n<p>Die Rabattprozente werden j\u00e4hrlich gerechnet, je nach der Gesamtsumme der Eink\u00e4ufe bei uns. Die Gesamtsumme kommt von den Selbstpflegemedikamenten und sonstigen Selbstpflegeprodukten und von dem eigenen Anteil bei den rezeptpflichtigen Medikamenten. Zu der Gesamtsumme z\u00e4hlen alle Eink\u00e4ufe der Familie. Das hei\u00dft je mehr Sie die Eink\u00e4ufe in Apotheke Skanssi machen, umso bessere Vorteile erzielen Sie.<\/p>\n<h3><strong>Die Stammkundschaft ist kostenlos!<\/strong><\/h3>\n<p>Es ist leicht und kostenlos, Stammkunde zu werden. Die Stammkundschaft funktioniert praktisch mit der KELA-Karte, Sie brauchen keine sonstige Stammkundenkarte.<\/p>\n<p>Kommen Sie in die <span id=\"result_box\" class=\"short_text\" lang=\"de\"><span class=\"alt-edited\">Yli-Maaria Apotheke<\/span><\/span>, fragen Sie mehr \u00fcber die Vorteile der Stammkundschaft, und gleich k\u00f6nnen Sie den Stammkundenantrag stellen. Oder Sie k\u00f6nnen hier den Antrag drucken und das fertig ausgef\u00fcllte Formular uns bringen. Die Stammkundschaft beginnt sofort nach der Speicherung Ihrer Daten in unseren Register.<\/p>\n<p>SONDERANGEBOTE<\/p>\n<p>Die Sonderangebote sind nur f\u00fcr die Stammkunden!<\/p>\n<h4><span id=\"result_box\" class=\"short_text\" lang=\"de\">Andere:<\/span><\/h4>\n<p><span id=\"result_box\" class=\"short_text\" lang=\"de\"><span class=\"\"><span class=\"alt-edited\">Yli-Maaria Apotheke<\/span> <a href=\"http:\/\/skanssinapteekki.fi\/tiedostot\/rekisteriseloste_kantaasiakas.pdf\" target=\"_blank\">Beschreibung.<\/a><\/span><\/span><\/p>\n<p>[\/vc_column_text][\/vc_column][vc_column width=&#8220;1\/3&#8243;][vc_column_text el_class=&#8220;bubble&#8220;]Kanta-asiakkuus kannattaa![\/vc_column_text][vc_single_image media=&#8220;209&#8243; media_width_use_pixel=&#8220;yes&#8220; media_width_pixel=&#8220;720&#8243;][\/vc_column][\/vc_row]<\/p>\n<\/section>","protected":false},"excerpt":{"rendered":"<p>[vc_row][vc_column width=&#8220;2\/3&#8243;][vc_column_text el_class=&#8220;lead&#8220;] Stammkunde werden, jetzt! Die Yli-Maaria Apotheke beginnt ein neues Programm der Stammkundschaft. Dadurch k\u00f6nnen wir Sie noch [&hellip;]<\/p>\n","protected":false},"author":1,"featured_media":0,"parent":0,"menu_order":68,"comment_status":"closed","ping_status":"closed","template":"","meta":{"footnotes":""},"class_list":["post-490","page","type-page","status-publish","hentry"],"publishpress_future_action":{"enabled":false,"date":"2026-04-27 11:10:32","action":"change-status","newStatus":"draft","terms":[],"taxonomy":"page_category","extraData":[]},"publishpress_future_workflow_manual_trigger":{"enabledWorkflows":[]},"_links":{"self":[{"href":"https:\/\/ylimaarianapteekki.fi\/de\/wp-json\/wp\/v2\/pages\/490","targetHints":{"allow":["GET"]}}],"collection":[{"href":"https:\/\/ylimaarianapteekki.fi\/de\/wp-json\/wp\/v2\/pages"}],"about":[{"href":"https:\/\/ylimaarianapteekki.fi\/de\/wp-json\/wp\/v2\/types\/page"}],"author":[{"embeddable":true,"href":"https:\/\/ylimaarianapteekki.fi\/de\/wp-json\/wp\/v2\/users\/1"}],"replies":[{"embeddable":true,"href":"https:\/\/ylimaarianapteekki.fi\/de\/wp-json\/wp\/v2\/comments?post=490"}],"version-history":[{"count":4,"href":"https:\/\/ylimaarianapteekki.fi\/de\/wp-json\/wp\/v2\/pages\/490\/revisions"}],"predecessor-version":[{"id":711,"href":"https:\/\/ylimaarianapteekki.fi\/de\/wp-json\/wp\/v2\/pages\/490\/revisions\/711"}],"wp:attachment":[{"href":"https:\/\/ylimaarianapteekki.fi\/de\/wp-json\/wp\/v2\/media?parent=490"}],"curies":[{"name":"wp","href":"https:\/\/api.w.org\/{rel}","templated":true}]}}