{"id":514,"date":"2016-12-02T10:38:01","date_gmt":"2016-12-02T08:38:01","guid":{"rendered":"http:\/\/ylimaarianapteekki.fi\/?page_id=514\/"},"modified":"2016-12-02T10:38:01","modified_gmt":"2016-12-02T08:38:01","slug":"maschinelle-dosierung-von-medikamenten","status":"publish","type":"page","link":"https:\/\/ylimaarianapteekki.fi\/de\/dienstleistungen\/maschinelle-dosierung-von-medikamenten\/","title":{"rendered":"Maschinelle Dosierung von Medikamenten"},"content":{"rendered":"<section class=\"wpb-content-wrapper\"><p>[vc_row][vc_column column_width_percent=&#8220;100&#8243; overlay_alpha=&#8220;50&#8243; gutter_size=&#8220;3&#8243; medium_width=&#8220;0&#8243; shift_x=&#8220;0&#8243; shift_y=&#8220;0&#8243; z_index=&#8220;0&#8243; width=&#8220;1\/4&#8243; el_class=&#8220;sivupalkki&#8220;][vc_column_text]<\/p>\n<h3><span id=\"result_box\" class=\"short_text\" lang=\"de\"><span class=\"\">Dienstleistungen<\/span><\/span><\/h3>\n<p>[\/vc_column_text][vc_column_text]<!-- Widget Shortcode --><div id=\"my_avatar-2\" class=\"widget widget_fiat_sidebar_nav widget-shortcode area-arbitrary \">           \t<ul class=\"page-list\">\n\t\t\t\t<li class=\"page_item page-item-506\"><a href=\"https:\/\/ylimaarianapteekki.fi\/de\/dienstleistungen\/rezepterneuerung\/\">Rezepterneuerung<\/a><\/li>\n<li class=\"page_item page-item-514\"><a href=\"https:\/\/ylimaarianapteekki.fi\/de\/dienstleistungen\/maschinelle-dosierung-von-medikamenten\/\">Maschinelle Dosierung von Medikamenten<\/a><\/li>\n<li class=\"page_item page-item-522\"><a href=\"https:\/\/ylimaarianapteekki.fi\/de\/dienstleistungen\/bescheinigung-fuer-region-schengen\/\">Bescheinigung f\u00fcr Region Schengen<\/a><\/li>\n<li class=\"page_item page-item-545\"><a href=\"https:\/\/ylimaarianapteekki.fi\/de\/dienstleistungen\/gesamtevaluation-der-medikamentenpflege\/\">Gesamtevaluation der Medikamentenpflege<\/a><\/li>\n\t\t\t<\/ul>\n        <\/div><!-- \/Widget Shortcode -->[\/vc_column_text][\/vc_column][vc_column width=&#8220;3\/4&#8243;][vc_column_text]<\/p>\n<h2>Maschinelle Dosierung von Medikamenten<\/h2>\n<p>Bei maschinellen Dosierung von Medikamenten bekommt der Kunde seine daf\u00fcr geeignete und regelm\u00e4\u00dfig eingenommenen Tabletten und Kapseln gepackt in Plastikbeutelchen normalerweise f\u00fcr jeweils 2 Wochen. Bei jeder Lieferung bekommt der Kunde von der Apotheke auch eine datierte Medikationskarte, wo alle eingenommene Medikamente und Dosierungen angezeigt sind.<\/p>\n<p>Die maschinelle Dosierung bessert die Sicherheit und f\u00f6rdert das Gelingen der Medikamentenpflege und spart in Medikamentenkosten. Die maschinelle Dosierung n\u00fctzt Personen, die viele Medikamente regelm\u00e4\u00dfig einnehmen oder Probleme bei der t\u00e4glichen Dosierung der Medikamente haben.<\/p>\n<p>Dieser Dienst enth\u00e4lt die Pr\u00fcfung der Gesamtmedikation des Kunden. Dabei wird gepr\u00fcft, ob der Kunde m\u00f6glicherweise unn\u00f6tige oder wechselwirkende Medikamente verwendet. Es wird gesichert, dass bei den verwendeten Medikamenten keine Medikamenten-Interaktion auftritt. Durch die Pr\u00fcfung der Gesamtmedikation werden eventuelle sch\u00e4dliche Medikamentenkombinationen eliminiert und die Last der Medikation gelindert. Treten bei dieser Pr\u00fcfung Bed\u00fcrfnisse auf, die Medikation zu \u00e4ndern, so wird dies mit dem pflegenden Arzt diskutiert, der dann den Beschluss der eventuellen \u00c4nderungen fasst.<\/p>\n<p><strong>Bei Medikamentenkosten sparen<\/strong><br \/>\nBei Medikamentenkosten kann man dadurch sparen, dass der Kunde wie \u00fcblich nur f\u00fcr ganze Medikamentenpackungen bezahlt. Auf dieser Weise wird geringer der Verlust an Medikamenten, der durch die Rezept\u00e4nderungen vortritt, und zu Hause h\u00e4ufen sich ungewendete Medikamente nicht. Bei der Dosierung werden preisg\u00fcnstige und von Kela unterst\u00fctzte Medikamente vom normalen Pharmamarkt verwendet. Ein neues Medikament kann z.B. f\u00fcr zwei Wochen ausgeprobt werden, auch komplizierte Spezialdosierungen sind m\u00f6glich.<\/p>\n<p><strong>Teilweise Kela-Unterst\u00fctzung f\u00fcr die maschinelle Dosierung<\/strong><br \/>\nBei Medikamentenkosten kann man dadurch sparen, dass der Kunde wie \u00fcblich nur f\u00fcr ganze Medikamentenpackungen bezahlt. Auf dieser Weise wird geringer der Verlust an Medikamenten, der durch die Rezept\u00e4nderungen vortritt, und zu Hause h\u00e4ufen sich ungewendete Medikamente nicht. Bei der Dosierung werden preisg\u00fcnstige und von Kela unterst\u00fctzte Medikamente vom normalen Pharmamarkt verwendet. Ein neues Medikament kann z.B. f\u00fcr zwei Wochen ausgeprobt werden, auch komplizierte Spezialdosierungen sind m\u00f6glich.<\/p>\n<p><strong>Die Vorteile der maschinellen Dosierung f\u00fcr den Patienten<\/strong><\/p>\n<ul class=\"index\">\n<li>Ersparnisse bei Medikamentenkosten<\/li>\n<li>Der Patient bezahlt nur f\u00fcr die ihm dosierten Medikamente<\/li>\n<li>Distribution der Medikamente von Gro\u00dfpackungen \u2013 niedrigerer Einzelpreis<\/li>\n<li>Bei der Austeilung der Medikamente werden Packungen mit Kela-Krankenkasse-Unterst\u00fctzung verwendet, d.h. der Patient bekommt die Unterst\u00fctzung immer wenn m\u00f6glich<\/li>\n<li>Erm\u00f6glicht kleinere Packungsgr\u00f6\u00dfe z.B. beim Ausproben von Medikamenten<\/li>\n<li>Ist sicher, hygienisch und leicht zu verwenden<\/li>\n<li>Bessert die Patientensicherheit: keine Medikamentenh\u00e4ufen, keine Fehler bei Dosierung<\/li>\n<li>Pr\u00fcfung der Gesamtmedikation<\/li>\n<li>Eliminierung der Wechselwirkungen und eventueller unn\u00f6tiger Medikamenten in Zusammenarbeit mit dem pflegenden Arzt<\/li>\n<li>Der Patient bekommt jede Woche eine Medikationskarte mit neuer Datierung seiner Medikamente und Dosierung<\/li>\n<\/ul>\n<p>Die maschinelle Dosierung der Medikamente kostet 10 \u20ac die Woche.<\/p>\n<p>[\/vc_column_text][\/vc_column][\/vc_row]<\/p>\n<\/section>","protected":false},"excerpt":{"rendered":"<p>[vc_row][vc_column column_width_percent=&#8220;100&#8243; overlay_alpha=&#8220;50&#8243; gutter_size=&#8220;3&#8243; medium_width=&#8220;0&#8243; shift_x=&#8220;0&#8243; shift_y=&#8220;0&#8243; z_index=&#8220;0&#8243; width=&#8220;1\/4&#8243; el_class=&#8220;sivupalkki&#8220;][vc_column_text] Dienstleistungen [\/vc_column_text][vc_column_text][\/vc_column_text][\/vc_column][vc_column width=&#8220;3\/4&#8243;][vc_column_text] Maschinelle Dosierung von Medikamenten Bei maschinellen Dosierung [&hellip;]<\/p>\n","protected":false},"author":1,"featured_media":0,"parent":480,"menu_order":37,"comment_status":"closed","ping_status":"closed","template":"","meta":{"footnotes":""},"class_list":["post-514","page","type-page","status-publish","hentry"],"publishpress_future_action":{"enabled":false,"date":"2026-05-07 07:21:05","action":"change-status","newStatus":"draft","terms":[],"taxonomy":"page_category","extraData":[]},"publishpress_future_workflow_manual_trigger":{"enabledWorkflows":[]},"_links":{"self":[{"href":"https:\/\/ylimaarianapteekki.fi\/de\/wp-json\/wp\/v2\/pages\/514","targetHints":{"allow":["GET"]}}],"collection":[{"href":"https:\/\/ylimaarianapteekki.fi\/de\/wp-json\/wp\/v2\/pages"}],"about":[{"href":"https:\/\/ylimaarianapteekki.fi\/de\/wp-json\/wp\/v2\/types\/page"}],"author":[{"embeddable":true,"href":"https:\/\/ylimaarianapteekki.fi\/de\/wp-json\/wp\/v2\/users\/1"}],"replies":[{"embeddable":true,"href":"https:\/\/ylimaarianapteekki.fi\/de\/wp-json\/wp\/v2\/comments?post=514"}],"version-history":[{"count":1,"href":"https:\/\/ylimaarianapteekki.fi\/de\/wp-json\/wp\/v2\/pages\/514\/revisions"}],"predecessor-version":[{"id":515,"href":"https:\/\/ylimaarianapteekki.fi\/de\/wp-json\/wp\/v2\/pages\/514\/revisions\/515"}],"up":[{"embeddable":true,"href":"https:\/\/ylimaarianapteekki.fi\/de\/wp-json\/wp\/v2\/pages\/480"}],"wp:attachment":[{"href":"https:\/\/ylimaarianapteekki.fi\/de\/wp-json\/wp\/v2\/media?parent=514"}],"curies":[{"name":"wp","href":"https:\/\/api.w.org\/{rel}","templated":true}]}}