{"id":545,"date":"2016-12-02T11:21:51","date_gmt":"2016-12-02T09:21:51","guid":{"rendered":"http:\/\/ylimaarianapteekki.fi\/?page_id=545\/"},"modified":"2016-12-02T11:21:51","modified_gmt":"2016-12-02T09:21:51","slug":"gesamtevaluation-der-medikamentenpflege","status":"publish","type":"page","link":"https:\/\/ylimaarianapteekki.fi\/de\/dienstleistungen\/gesamtevaluation-der-medikamentenpflege\/","title":{"rendered":"Gesamtevaluation der Medikamentenpflege"},"content":{"rendered":"<section class=\"wpb-content-wrapper\"><p>[vc_row][vc_column column_width_percent=&#8220;100&#8243; overlay_alpha=&#8220;50&#8243; gutter_size=&#8220;3&#8243; medium_width=&#8220;0&#8243; shift_x=&#8220;0&#8243; shift_y=&#8220;0&#8243; z_index=&#8220;0&#8243; width=&#8220;1\/4&#8243; el_class=&#8220;sivupalkki&#8220;][vc_column_text]<\/p>\n<h3><span id=\"result_box\" class=\"short_text\" lang=\"de\"><span class=\"\">Dienstleistungen<\/span><\/span><\/h3>\n<p>[\/vc_column_text][vc_column_text]<!-- Widget Shortcode --><div id=\"my_avatar-2\" class=\"widget widget_fiat_sidebar_nav widget-shortcode area-arbitrary \">           \t<ul class=\"page-list\">\n\t\t\t\t<li class=\"page_item page-item-506\"><a href=\"https:\/\/ylimaarianapteekki.fi\/de\/dienstleistungen\/rezepterneuerung\/\">Rezepterneuerung<\/a><\/li>\n<li class=\"page_item page-item-514\"><a href=\"https:\/\/ylimaarianapteekki.fi\/de\/dienstleistungen\/maschinelle-dosierung-von-medikamenten\/\">Maschinelle Dosierung von Medikamenten<\/a><\/li>\n<li class=\"page_item page-item-522\"><a href=\"https:\/\/ylimaarianapteekki.fi\/de\/dienstleistungen\/bescheinigung-fuer-region-schengen\/\">Bescheinigung f\u00fcr Region Schengen<\/a><\/li>\n<li class=\"page_item page-item-545\"><a href=\"https:\/\/ylimaarianapteekki.fi\/de\/dienstleistungen\/gesamtevaluation-der-medikamentenpflege\/\">Gesamtevaluation der Medikamentenpflege<\/a><\/li>\n\t\t\t<\/ul>\n        <\/div><!-- \/Widget Shortcode -->[\/vc_column_text][\/vc_column][vc_column width=&#8220;3\/4&#8243;][vc_column_text]<\/p>\n<h2>Gesamtevaluation der Medikamentenpflege<\/h2>\n<p>\u00c4ltere Patienten verwenden Medikamente, die ihr Lebensqualit\u00e4t schlechtern und unn\u00f6tig Pflegekosten steigern. Mit Medikamenten pflegt man manchmal auch Nebenschaden von anderen Medikamenten. F\u00fcr eine kurze Zeit verschriebene Medikamente k\u00f6nnen manchmal auch langzeitig werden, und beim schlimmsten Fall kann der Patient wegen falscher Medikation Krankenhauspflege ben\u00f6tigen.<\/p>\n<p>Die Gesamtevaluation der Medikamentenpflege wird in Zusammenarbeit mit dem pflegenden Arzt gemacht. Das Ziel ist, auf die Medikation zur\u00fcckzuf\u00fchrende Probleme zu erkennen und zu beseitigen. Viele Probleme k\u00f6nnten dadurch vermieden werden, dass die Pflege besser geplant und gepr\u00fcft wird. Die Notwendigkeit und Sicherheit der Medikation, die Indikationen, die Dosierung und die eventuelle Wechselwirkung der verschiedenen Medikamente sollten mindestens j\u00e4hrlich evaluiert werden, auch wenn in der Lage des Patienten keine \u00c4nderungen zu merken sind.<\/p>\n<p>Die Gesamtevaluation der Medikamentenpflege hat eine viel breitere Grundlage als eine normale Pr\u00fcfung der Medikation. Sie beinhaltet eine gr\u00fcndliche Pr\u00fcfung der Krankheiten und Medikationen des Patienten, eventuelle Probleme der Medikation und Vorschl\u00e4ge zur Beseitigung der Probleme. Den Beschluss \u00fcber die Gesamtevaluation der Medikamentenpflege macht normalerweise der Arzt, aber die Initiative kann auch von dem Patient, von seinen Verwandten oder von dem Pflegepersonal kommen. Begr\u00fcndung f\u00fcr die Gesamtevaluation kann sein, dass der Patient mit der Pflege nicht \u00fcbereinstimmt, die Medikamentenpflege verl\u00e4uft mit Schwierigkeiten, verschiedene Wechselwirkungen werden verd\u00e4chtigt, der Patient reagiert schlecht zu den Medikamenten oder die Medikamentenpflege ist irrational, es werden mehr als 5 verschiedene Medikamente eingenommen, der Patient kommt oft zum Arztbesuch oder die Medikamentenpflegekosten sind hoch. Ein hohes Alter des Patienten gemeinsam mit einem dieser Faktoren begr\u00fcndet die Gesamtevaluation der Medikamentenpflege.<\/p>\n<p>Die Gesamtevaluation wird in unserer Apotheke in zwei \u201ePackungen\u201c gemacht, jede hat eigene Weite und eigenen Preis. Die Grundevaluation kostet 90\u20ac und die gr\u00fcndliche Evaluation 495 \u20ac.<\/p>\n<p>[\/vc_column_text][\/vc_column][\/vc_row]<\/p>\n<\/section>","protected":false},"excerpt":{"rendered":"<p>[vc_row][vc_column column_width_percent=&#8220;100&#8243; overlay_alpha=&#8220;50&#8243; gutter_size=&#8220;3&#8243; medium_width=&#8220;0&#8243; shift_x=&#8220;0&#8243; shift_y=&#8220;0&#8243; z_index=&#8220;0&#8243; width=&#8220;1\/4&#8243; el_class=&#8220;sivupalkki&#8220;][vc_column_text] Dienstleistungen [\/vc_column_text][vc_column_text][\/vc_column_text][\/vc_column][vc_column width=&#8220;3\/4&#8243;][vc_column_text] Gesamtevaluation der Medikamentenpflege \u00c4ltere Patienten verwenden Medikamente, [&hellip;]<\/p>\n","protected":false},"author":1,"featured_media":0,"parent":480,"menu_order":58,"comment_status":"closed","ping_status":"closed","template":"","meta":{"footnotes":""},"class_list":["post-545","page","type-page","status-publish","hentry"],"publishpress_future_action":{"enabled":false,"date":"2026-05-07 07:03:51","action":"change-status","newStatus":"draft","terms":[],"taxonomy":"page_category","extraData":[]},"publishpress_future_workflow_manual_trigger":{"enabledWorkflows":[]},"_links":{"self":[{"href":"https:\/\/ylimaarianapteekki.fi\/de\/wp-json\/wp\/v2\/pages\/545","targetHints":{"allow":["GET"]}}],"collection":[{"href":"https:\/\/ylimaarianapteekki.fi\/de\/wp-json\/wp\/v2\/pages"}],"about":[{"href":"https:\/\/ylimaarianapteekki.fi\/de\/wp-json\/wp\/v2\/types\/page"}],"author":[{"embeddable":true,"href":"https:\/\/ylimaarianapteekki.fi\/de\/wp-json\/wp\/v2\/users\/1"}],"replies":[{"embeddable":true,"href":"https:\/\/ylimaarianapteekki.fi\/de\/wp-json\/wp\/v2\/comments?post=545"}],"version-history":[{"count":1,"href":"https:\/\/ylimaarianapteekki.fi\/de\/wp-json\/wp\/v2\/pages\/545\/revisions"}],"predecessor-version":[{"id":548,"href":"https:\/\/ylimaarianapteekki.fi\/de\/wp-json\/wp\/v2\/pages\/545\/revisions\/548"}],"up":[{"embeddable":true,"href":"https:\/\/ylimaarianapteekki.fi\/de\/wp-json\/wp\/v2\/pages\/480"}],"wp:attachment":[{"href":"https:\/\/ylimaarianapteekki.fi\/de\/wp-json\/wp\/v2\/media?parent=545"}],"curies":[{"name":"wp","href":"https:\/\/api.w.org\/{rel}","templated":true}]}}