{"id":219,"date":"2016-10-24T13:47:05","date_gmt":"2016-10-24T10:47:05","guid":{"rendered":"http:\/\/ylimaarianapteekki.fi\/en\/?page_id=219"},"modified":"2017-01-02T13:43:36","modified_gmt":"2017-01-02T11:43:36","slug":"tervetuloa","status":"publish","type":"page","link":"https:\/\/ylimaarianapteekki.fi\/en\/","title":{"rendered":"Welcome"},"content":{"rendered":"<section class=\"wpb-content-wrapper\"><p>[vc_row row_height_percent=&#8221;0&#8243; override_padding=&#8221;yes&#8221; h_padding=&#8221;0&#8243; top_padding=&#8221;1&#8243; bottom_padding=&#8221;0&#8243; overlay_alpha=&#8221;50&#8243; equal_height=&#8221;yes&#8221; gutter_size=&#8221;0&#8243; shift_y=&#8221;0&#8243;][vc_column column_width_percent=&#8221;100&#8243; position_vertical=&#8221;middle&#8221; align_horizontal=&#8221;align_center&#8221; style=&#8221;dark&#8221; back_color=&#8221;accent&#8221; overlay_alpha=&#8221;50&#8243; gutter_size=&#8221;3&#8243; align_medium=&#8221;align_left_tablet&#8221; medium_width=&#8221;4&#8243; shift_x=&#8221;0&#8243; shift_y=&#8221;0&#8243; z_index=&#8221;0&#8243; width=&#8221;1\/3&#8243; el_class=&#8221;info-box&#8221;][vc_column_text]<\/p>\n<h1>Open from Monday to Saturday<\/h1>\n<hr \/>\n<h3>Visiting hours:<\/h3>\n<p>Mon &#8211; thu\u00a0 [easy_options id=&#8221;ya_mape&#8221;]<br \/>\nFri [easy_options id=&#8221;ya_la&#8221;]<br \/>\nSat [easy_options id=&#8221;ya_su&#8221;]<\/p>\n<hr \/>\n<p>Tel. <a href=\"tel:022349100\"><span class=\"open\"><span class=\"normal\">02 234 9100<\/span><\/span><\/a><\/p>\n<p><a href=\"https:\/\/goo.gl\/maps\/hsYxm8Tdnvy\" target=\"_blank\">Mittumaarintie 73, <\/a><br \/>\n20400 Turku[\/vc_column_text][\/vc_column][vc_column column_width_percent=&#8221;100&#8243; back_image=&#8221;18&#8243; back_position=&#8221;center center&#8221; overlay_alpha=&#8221;50&#8243; gutter_size=&#8221;3&#8243; medium_width=&#8221;4&#8243; shift_x=&#8221;0&#8243; shift_y=&#8221;0&#8243; z_index=&#8221;0&#8243; width=&#8221;2\/3&#8243;][vc_empty_space empty_h=&#8221;2&#8243; el_class=&#8221;filleri&#8221;][\/vc_column][\/vc_row][vc_row][vc_column width=&#8221;2\/3&#8243;][vc_column_text el_class=&#8221;lead&#8221;]<\/p>\n<div id=\"content\">\n<h2>We prepare your prescription medication while you wait or go shopping in the meantime!<\/h2>\n<ul>\n<li>We provide you with fast, professional, customer oriented and personal service in separate delivery points for dispensing prescription medication.<\/li>\n<li>Our staff gives you advice on how to safely use medicines and helps you to find the right products for your needs.<\/li>\n<li>You can benefit of our amazing offers and save money.<\/li>\n<li>By agreement we can follow if your medicine expenses during a calendar year exceed the threshold defined by Kela and you are entitled to additional reimbursement.<\/li>\n<\/ul>\n<p>&nbsp;<\/p>\n<p><strong>Did you know that medicines can have harmful interactions?<\/strong><br \/>\nWe always check the compatibility of your medicines. If we find potentially harmful combinations, we will contact the patient&#8217;s doctor.<\/p>\n<\/div>\n<p>[\/vc_column_text][\/vc_column][vc_column width=&#8221;1\/3&#8243;][vc_column_text el_class=&#8221;bubble&#8221;]Meilt\u00e4 my\u00f6s eReseptit![\/vc_column_text][vc_single_image media=&#8221;271&#8243; media_width_use_pixel=&#8221;yes&#8221; alignment=&#8221;center&#8221; media_width_pixel=&#8221;280&#8243;][\/vc_column][\/vc_row][vc_row row_height_percent=&#8221;0&#8243; override_padding=&#8221;yes&#8221; h_padding=&#8221;0&#8243; top_padding=&#8221;2&#8243; bottom_padding=&#8221;2&#8243; overlay_alpha=&#8221;50&#8243; equal_height=&#8221;yes&#8221; gutter_size=&#8221;0&#8243; shift_y=&#8221;0&#8243;][vc_column column_width_percent=&#8221;100&#8243; back_color=&#8221;color-gyho&#8221; overlay_alpha=&#8221;50&#8243; gutter_size=&#8221;3&#8243; medium_width=&#8221;3&#8243; shift_x=&#8221;0&#8243; shift_y=&#8221;0&#8243; z_index=&#8221;0&#8243; width=&#8221;1\/3&#8243;][vc_column_text el_class=&#8221;lead&#8221;]<\/p>\n<h3>Special offers<\/h3>\n<p>[\/vc_column_text][vc_column_text]<form autocomplete=\"off\" name=\"wpv-filter-96\" action=\"\/en\/wp-json\/wp\/v2\/pages\/219?wpv_view_count=96\" method=\"get\" class=\"wpv-filter-form js-wpv-filter-form js-wpv-filter-form-96 js-wpv-form-full\" data-viewnumber=\"96\" data-viewid=\"96\" data-viewhash=\"eyJuYW1lIjoidGFyam91a3NldC1zaW5nbGUifQ==\" data-viewwidgetid=\"0\" data-orderby=\"\" data-order=\"\" data-orderbyas=\"\" data-orderbysecond=\"\" data-ordersecond=\"\" data-parametric=\"{&quot;query&quot;:&quot;normal&quot;,&quot;id&quot;:96,&quot;view_id&quot;:96,&quot;widget_id&quot;:0,&quot;view_hash&quot;:&quot;96&quot;,&quot;action&quot;:&quot;\\\/en\\\/wp-json\\\/wp\\\/v2\\\/pages\\\/219?wpv_view_count=96&quot;,&quot;sort&quot;:{&quot;orderby&quot;:&quot;&quot;,&quot;order&quot;:&quot;&quot;,&quot;orderby_as&quot;:&quot;&quot;,&quot;orderby_second&quot;:&quot;&quot;,&quot;order_second&quot;:&quot;&quot;},&quot;orderby&quot;:&quot;&quot;,&quot;order&quot;:&quot;&quot;,&quot;orderby_as&quot;:&quot;&quot;,&quot;orderby_second&quot;:&quot;&quot;,&quot;order_second&quot;:&quot;&quot;,&quot;ajax_form&quot;:&quot;&quot;,&quot;ajax_results&quot;:&quot;&quot;,&quot;effect&quot;:&quot;fade&quot;,&quot;prebefore&quot;:&quot;&quot;,&quot;before&quot;:&quot;&quot;,&quot;after&quot;:&quot;&quot;,&quot;attributes&quot;:[],&quot;environment&quot;:{&quot;current_post_id&quot;:219,&quot;parent_post_id&quot;:219,&quot;parent_term_id&quot;:0,&quot;parent_user_id&quot;:0,&quot;archive&quot;:{&quot;type&quot;:&quot;&quot;,&quot;name&quot;:&quot;&quot;,&quot;data&quot;:[]}},&quot;loop&quot;:{&quot;type&quot;:&quot;&quot;,&quot;name&quot;:&quot;&quot;,&quot;data&quot;:[],&quot;id&quot;:0}}\" data-attributes=\"[]\" data-environment=\"{&quot;current_post_id&quot;:219,&quot;parent_post_id&quot;:219,&quot;parent_term_id&quot;:0,&quot;parent_user_id&quot;:0,&quot;archive&quot;:{&quot;type&quot;:&quot;&quot;,&quot;name&quot;:&quot;&quot;,&quot;data&quot;:[]}}\"><input type=\"hidden\" class=\"js-wpv-dps-filter-data js-wpv-filter-data-for-this-form\" data-action=\"\/en\/wp-json\/wp\/v2\/pages\/219?wpv_view_count=96\" data-page=\"1\" data-ajax=\"disable\" data-effect=\"fade\" data-maxpages=\"0\" data-ajaxprebefore=\"\" data-ajaxbefore=\"\" data-ajaxafter=\"\" \/><input class=\"wpv_view_count wpv_view_count-96\" type=\"hidden\" name=\"wpv_view_count\" value=\"96\" \/>\n\n<\/form>\n<div id=\"wpv-view-layout-96\" class=\"js-wpv-view-layout js-wpv-layout-responsive js-wpv-view-layout-96 wpv-pagination js-wpv-layout-has-pagination wpv-pagination-preload-images js-wpv-layout-preload-images wpv-pagination-preload-pages js-wpv-layout-preload-pages\" style=\"visibility:hidden;\" data-viewnumber=\"96\" data-pagination=\"{&quot;id&quot;:96,&quot;query&quot;:&quot;normal&quot;,&quot;type&quot;:&quot;rollover&quot;,&quot;effect&quot;:&quot;fade&quot;,&quot;duration&quot;:500,&quot;speed&quot;:5,&quot;pause_on_hover&quot;:&quot;disabled&quot;,&quot;stop_rollover&quot;:&quot;true&quot;,&quot;cache_pages&quot;:&quot;enabled&quot;,&quot;preload_images&quot;:&quot;enabled&quot;,&quot;preload_pages&quot;:&quot;enabled&quot;,&quot;preload_reach&quot;:1,&quot;spinner&quot;:&quot;builtin&quot;,&quot;spinner_image&quot;:&quot;&quot;,&quot;callback_next&quot;:&quot;&quot;,&quot;manage_history&quot;:&quot;enabled&quot;,&quot;has_controls_in_form&quot;:&quot;disabled&quot;,&quot;infinite_tolerance&quot;:0,&quot;max_pages&quot;:0,&quot;page&quot;:1,&quot;base_permalink&quot;:&quot;\/en\/wp-json\/wp\/v2\/pages\/219?wpv_view_count=96&amp;wpv_paged=WPV_PAGE_NUM&quot;,&quot;loop&quot;:{&quot;type&quot;:&quot;&quot;,&quot;name&quot;:&quot;&quot;,&quot;data&quot;:[],&quot;id&quot;:0}}\" data-permalink=\"\/en\/wp-json\/wp\/v2\/pages\/219?wpv_view_count=96\">\n\n\t\n\t\n\t\t<strong>Ei tarjouksia t\u00e4ll\u00e4hetkell\u00e4.<\/strong>\n\t\n<\/div>\n[\/vc_column_text][vc_button button_color=&#8221;color-iopl&#8221; size=&#8221;btn-lg&#8221; wide=&#8221;yes&#8221; link=&#8221;url:http%3A%2F%2Fylimaaria.skanssinapteekki.fi%2Ftarjoukset%2F|||&#8221;]Show all offers[\/vc_button][\/vc_column][vc_column column_width_percent=&#8221;100&#8243; style=&#8221;dark&#8221; back_color=&#8221;accent&#8221; overlay_alpha=&#8221;50&#8243; gutter_size=&#8221;3&#8243; medium_width=&#8221;3&#8243; shift_x=&#8221;0&#8243; shift_y=&#8221;0&#8243; z_index=&#8221;0&#8243; width=&#8221;1\/3&#8243;][vc_column_text el_class=&#8221;lead&#8221;]<\/p>\n<h3>News<\/h3>\n<p>[\/vc_column_text][vc_column_text][custom-facebook-feed num=1][\/vc_column_text][\/vc_column][vc_column column_width_percent=&#8221;100&#8243; style=&#8221;dark&#8221; back_color=&#8221;color-dfgh&#8221; overlay_alpha=&#8221;50&#8243; gutter_size=&#8221;3&#8243; medium_width=&#8221;3&#8243; shift_x=&#8221;0&#8243; shift_y=&#8221;0&#8243; z_index=&#8221;0&#8243; width=&#8221;1\/3&#8243;][vc_column_text el_class=&#8221;lead&#8221;]<\/p>\n<h3>Terveys.fi &#8211; News<\/h3>\n<p>[\/vc_column_text][vc_column_text el_class=&#8221;rss&#8221;][rssonpage rss=&#8221;http:\/\/www.apteekki.fi\/terveydeksi\/uutiset.rss&#8221; feeds=&#8221;4&#8243; excerpt=&#8221;false&#8221; target=&#8221;_blank&#8221;][\/vc_column_text][\/vc_column][\/vc_row]<\/p>\n<\/section>","protected":false},"excerpt":{"rendered":"<p>[vc_row row_height_percent=&#8221;0&#8243; override_padding=&#8221;yes&#8221; h_padding=&#8221;0&#8243; top_padding=&#8221;1&#8243; bottom_padding=&#8221;0&#8243; overlay_alpha=&#8221;50&#8243; equal_height=&#8221;yes&#8221; gutter_size=&#8221;0&#8243; shift_y=&#8221;0&#8243;][vc_column column_width_percent=&#8221;100&#8243; position_vertical=&#8221;middle&#8221; align_horizontal=&#8221;align_center&#8221; style=&#8221;dark&#8221; back_color=&#8221;accent&#8221; overlay_alpha=&#8221;50&#8243; gutter_size=&#8221;3&#8243; align_medium=&#8221;align_left_tablet&#8221; medium_width=&#8221;4&#8243; shift_x=&#8221;0&#8243; [&hellip;]<\/p>\n","protected":false},"author":1,"featured_media":0,"parent":0,"menu_order":12,"comment_status":"closed","ping_status":"open","template":"","meta":{"footnotes":""},"class_list":["post-219","page","type-page","status-publish","hentry"],"publishpress_future_action":{"enabled":false,"date":"2026-05-15 16:12:44","action":"change-status","newStatus":"draft","terms":[],"taxonomy":"page_category","extraData":[]},"publishpress_future_workflow_manual_trigger":{"enabledWorkflows":[]},"_links":{"self":[{"href":"https:\/\/ylimaarianapteekki.fi\/en\/wp-json\/wp\/v2\/pages\/219","targetHints":{"allow":["GET"]}}],"collection":[{"href":"https:\/\/ylimaarianapteekki.fi\/en\/wp-json\/wp\/v2\/pages"}],"about":[{"href":"https:\/\/ylimaarianapteekki.fi\/en\/wp-json\/wp\/v2\/types\/page"}],"author":[{"embeddable":true,"href":"https:\/\/ylimaarianapteekki.fi\/en\/wp-json\/wp\/v2\/users\/1"}],"replies":[{"embeddable":true,"href":"https:\/\/ylimaarianapteekki.fi\/en\/wp-json\/wp\/v2\/comments?post=219"}],"version-history":[{"count":11,"href":"https:\/\/ylimaarianapteekki.fi\/en\/wp-json\/wp\/v2\/pages\/219\/revisions"}],"predecessor-version":[{"id":674,"href":"https:\/\/ylimaarianapteekki.fi\/en\/wp-json\/wp\/v2\/pages\/219\/revisions\/674"}],"wp:attachment":[{"href":"https:\/\/ylimaarianapteekki.fi\/en\/wp-json\/wp\/v2\/media?parent=219"}],"curies":[{"name":"wp","href":"https:\/\/api.w.org\/{rel}","templated":true}]}}