{"id":456,"date":"2016-12-01T13:41:42","date_gmt":"2016-12-01T11:41:42","guid":{"rendered":"http:\/\/ylimaarianapteekki.fi\/?page_id=456\/"},"modified":"2017-01-02T14:22:56","modified_gmt":"2017-01-02T12:22:56","slug":"bienvenido","status":"publish","type":"page","link":"https:\/\/ylimaarianapteekki.fi\/es\/","title":{"rendered":"Bienvenido"},"content":{"rendered":"<section class=\"wpb-content-wrapper\"><p>[vc_row row_height_percent=\u00bb0&#8243; override_padding=\u00bbyes\u00bb h_padding=\u00bb0&#8243; top_padding=\u00bb1&#8243; bottom_padding=\u00bb0&#8243; overlay_alpha=\u00bb50&#8243; equal_height=\u00bbyes\u00bb gutter_size=\u00bb0&#8243; shift_y=\u00bb0&#8243;][vc_column column_width_percent=\u00bb100&#8243; position_vertical=\u00bbmiddle\u00bb align_horizontal=\u00bbalign_center\u00bb style=\u00bbdark\u00bb back_color=\u00bbaccent\u00bb overlay_alpha=\u00bb50&#8243; gutter_size=\u00bb3&#8243; align_medium=\u00bbalign_left_tablet\u00bb medium_width=\u00bb4&#8243; shift_x=\u00bb0&#8243; shift_y=\u00bb0&#8243; z_index=\u00bb0&#8243; width=\u00bb1\/3&#8243; el_class=\u00bbinfo-box\u00bb][vc_column_text]<\/p>\n<h1>La farmacia est\u00e1 de guardia todos los d\u00edas inclusive los domingos.<\/h1>\n<hr \/>\n<h3><span class=\"open\">Abierta<\/span>:<\/h3>\n<p><span class=\"open\">Lu-Ju<\/span> [easy_options id=\u00bbya_mape\u00bb]<br \/>\nVi [easy_options id=\u00bbya_la\u00bb]<br \/>\nSa [easy_options id=\u00bbya_su\u00bb]<\/p>\n<hr \/>\n<p>Tel. <a href=\"tel:+35822349100\">02 2146100<\/a><\/p>\n<p><a href=\"https:\/\/goo.gl\/maps\/hsYxm8Tdnvy\">Mittumaarintie 73,<br \/>\n20400 Turku<\/a>[\/vc_column_text][\/vc_column][vc_column column_width_percent=\u00bb100&#8243; back_image=\u00bb18&#8243; back_position=\u00bbcenter center\u00bb overlay_alpha=\u00bb50&#8243; gutter_size=\u00bb3&#8243; medium_width=\u00bb4&#8243; shift_x=\u00bb0&#8243; shift_y=\u00bb0&#8243; z_index=\u00bb0&#8243; width=\u00bb2\/3&#8243;][vc_empty_space empty_h=\u00bb2&#8243; el_class=\u00bbfilleri\u00bb][\/vc_column][\/vc_row][vc_row][vc_column width=\u00bb2\/3&#8243;][vc_column_text el_class=\u00bblead\u00bb]<\/p>\n<div id=\"content\">\n<h2>Atenci\u00f3n inmediata al comprar sus medicamentos con receta!<\/h2>\n<ul>\n<li>Recibir\u00e1 servicio experto, personalizado y orientado al cliente en los puntos de venta separados para los medicamentos con receta<\/li>\n<li>Nuestro personal le dar\u00e1 asesoramiento c\u00f3mo usar los medicamentos de forma segura y le ayudar\u00e1 encontrar los productos adecuados<\/li>\n<li>Sacar\u00e1 provecho de nuestros productos de rebaja econ\u00f3micos y ahorrar\u00e1 dinero<\/li>\n<li>Por acuerdo podremos seguir de su parte c\u00f3mo se acumula la franquicia de los medicamentos con receta para que pueda cobrar reembolso<\/li>\n<\/ul>\n<p><strong>\u00bfUsted sab\u00eda que los medicamentos pueden tener efectos combinados negativos?<\/strong><br \/>\nSiempre verificamos las interacciones de sus medicamentos con otros. En el caso de encontrar contraindicaciones, nos comunicaremos con el m\u00e9dico del paciente.<\/p>\n<\/div>\n<p>[\/vc_column_text][\/vc_column][vc_column width=\u00bb1\/3&#8243;][vc_column_text el_class=\u00bbbubble\u00bb]Meilt\u00e4 my\u00f6s eReseptit![\/vc_column_text][vc_single_image media=\u00bb271&#8243; media_width_use_pixel=\u00bbyes\u00bb alignment=\u00bbcenter\u00bb media_width_pixel=\u00bb280&#8243;][\/vc_column][\/vc_row][vc_row row_height_percent=\u00bb0&#8243; override_padding=\u00bbyes\u00bb h_padding=\u00bb0&#8243; top_padding=\u00bb2&#8243; bottom_padding=\u00bb2&#8243; overlay_alpha=\u00bb50&#8243; equal_height=\u00bbyes\u00bb gutter_size=\u00bb0&#8243; shift_y=\u00bb0&#8243;][vc_column column_width_percent=\u00bb100&#8243; back_color=\u00bbcolor-gyho\u00bb overlay_alpha=\u00bb50&#8243; gutter_size=\u00bb3&#8243; medium_width=\u00bb3&#8243; shift_x=\u00bb0&#8243; shift_y=\u00bb0&#8243; z_index=\u00bb0&#8243; width=\u00bb1\/3&#8243; el_class=\u00bbcol-tarjoukset\u00bb][vc_column_text el_class=\u00bblead\u00bb]<\/p>\n<h3>Ofertas<\/h3>\n<p>[\/vc_column_text][vc_column_text]<form autocomplete=\"off\" name=\"wpv-filter-96\" action=\"\/es\/wp-json\/wp\/v2\/pages\/456?wpv_view_count=96\" method=\"get\" class=\"wpv-filter-form js-wpv-filter-form js-wpv-filter-form-96 js-wpv-form-full\" data-viewnumber=\"96\" data-viewid=\"96\" data-viewhash=\"eyJuYW1lIjoidGFyam91a3NldC1zaW5nbGUifQ==\" data-viewwidgetid=\"0\" data-orderby=\"\" data-order=\"\" data-orderbyas=\"\" data-orderbysecond=\"\" data-ordersecond=\"\" data-parametric=\"{&quot;query&quot;:&quot;normal&quot;,&quot;id&quot;:96,&quot;view_id&quot;:96,&quot;widget_id&quot;:0,&quot;view_hash&quot;:&quot;96&quot;,&quot;action&quot;:&quot;\\\/es\\\/wp-json\\\/wp\\\/v2\\\/pages\\\/456?wpv_view_count=96&quot;,&quot;sort&quot;:{&quot;orderby&quot;:&quot;&quot;,&quot;order&quot;:&quot;&quot;,&quot;orderby_as&quot;:&quot;&quot;,&quot;orderby_second&quot;:&quot;&quot;,&quot;order_second&quot;:&quot;&quot;},&quot;orderby&quot;:&quot;&quot;,&quot;order&quot;:&quot;&quot;,&quot;orderby_as&quot;:&quot;&quot;,&quot;orderby_second&quot;:&quot;&quot;,&quot;order_second&quot;:&quot;&quot;,&quot;ajax_form&quot;:&quot;&quot;,&quot;ajax_results&quot;:&quot;&quot;,&quot;effect&quot;:&quot;fade&quot;,&quot;prebefore&quot;:&quot;&quot;,&quot;before&quot;:&quot;&quot;,&quot;after&quot;:&quot;&quot;,&quot;attributes&quot;:[],&quot;environment&quot;:{&quot;current_post_id&quot;:456,&quot;parent_post_id&quot;:456,&quot;parent_term_id&quot;:0,&quot;parent_user_id&quot;:0,&quot;archive&quot;:{&quot;type&quot;:&quot;&quot;,&quot;name&quot;:&quot;&quot;,&quot;data&quot;:[]}},&quot;loop&quot;:{&quot;type&quot;:&quot;&quot;,&quot;name&quot;:&quot;&quot;,&quot;data&quot;:[],&quot;id&quot;:0}}\" data-attributes=\"[]\" data-environment=\"{&quot;current_post_id&quot;:456,&quot;parent_post_id&quot;:456,&quot;parent_term_id&quot;:0,&quot;parent_user_id&quot;:0,&quot;archive&quot;:{&quot;type&quot;:&quot;&quot;,&quot;name&quot;:&quot;&quot;,&quot;data&quot;:[]}}\"><input type=\"hidden\" class=\"js-wpv-dps-filter-data js-wpv-filter-data-for-this-form\" data-action=\"\/es\/wp-json\/wp\/v2\/pages\/456?wpv_view_count=96\" data-page=\"1\" data-ajax=\"disable\" data-effect=\"fade\" data-maxpages=\"0\" data-ajaxprebefore=\"\" data-ajaxbefore=\"\" data-ajaxafter=\"\" \/><input class=\"wpv_view_count wpv_view_count-96\" type=\"hidden\" name=\"wpv_view_count\" value=\"96\" \/>\n\n<\/form>\n<div id=\"wpv-view-layout-96\" class=\"js-wpv-view-layout js-wpv-layout-responsive js-wpv-view-layout-96 wpv-pagination js-wpv-layout-has-pagination wpv-pagination-preload-images js-wpv-layout-preload-images wpv-pagination-preload-pages js-wpv-layout-preload-pages\" style=\"visibility:hidden;\" data-viewnumber=\"96\" data-pagination=\"{&quot;id&quot;:96,&quot;query&quot;:&quot;normal&quot;,&quot;type&quot;:&quot;rollover&quot;,&quot;effect&quot;:&quot;fade&quot;,&quot;duration&quot;:500,&quot;speed&quot;:5,&quot;pause_on_hover&quot;:&quot;disabled&quot;,&quot;stop_rollover&quot;:&quot;true&quot;,&quot;cache_pages&quot;:&quot;enabled&quot;,&quot;preload_images&quot;:&quot;enabled&quot;,&quot;preload_pages&quot;:&quot;enabled&quot;,&quot;preload_reach&quot;:1,&quot;spinner&quot;:&quot;builtin&quot;,&quot;spinner_image&quot;:&quot;&quot;,&quot;callback_next&quot;:&quot;&quot;,&quot;manage_history&quot;:&quot;enabled&quot;,&quot;has_controls_in_form&quot;:&quot;disabled&quot;,&quot;infinite_tolerance&quot;:0,&quot;max_pages&quot;:0,&quot;page&quot;:1,&quot;base_permalink&quot;:&quot;\/es\/wp-json\/wp\/v2\/pages\/456?wpv_view_count=96&amp;wpv_paged=WPV_PAGE_NUM&quot;,&quot;loop&quot;:{&quot;type&quot;:&quot;&quot;,&quot;name&quot;:&quot;&quot;,&quot;data&quot;:[],&quot;id&quot;:0}}\" data-permalink=\"\/es\/wp-json\/wp\/v2\/pages\/456?wpv_view_count=96\">\n\n\t\n\t\n\t\t<strong>Ei tarjouksia t\u00e4ll\u00e4hetkell\u00e4.<\/strong>\n\t\n<\/div>\n[\/vc_column_text][vc_button button_color=\u00bbaccent\u00bb size=\u00bbbtn-lg\u00bb wide=\u00bbyes\u00bb link=\u00bburl:http%3A%2F%2Fylimaaria.skanssinapteekki.fi%2Ftarjoukset%2F|||\u00bb el_class=\u00bbkaikki-tarjoukset-nappi\u00bb]<span id=\"result_box\" class=\"short_text\" lang=\"es\" tabindex=\"-1\"><span class=\"\">Ver todas las ofertas<\/span><\/span>[\/vc_button][\/vc_column][vc_column column_width_percent=\u00bb100&#8243; style=\u00bbdark\u00bb back_color=\u00bbaccent\u00bb overlay_alpha=\u00bb50&#8243; gutter_size=\u00bb3&#8243; medium_width=\u00bb3&#8243; shift_x=\u00bb0&#8243; shift_y=\u00bb0&#8243; z_index=\u00bb0&#8243; width=\u00bb1\/3&#8243;][vc_column_text el_class=\u00bblead\u00bb]<\/p>\n<h3>Noticias<\/h3>\n<p>[\/vc_column_text][vc_column_text][custom-facebook-feed num=1][\/vc_column_text][\/vc_column][vc_column column_width_percent=\u00bb100&#8243; style=\u00bbdark\u00bb back_color=\u00bbcolor-dfgh\u00bb overlay_alpha=\u00bb50&#8243; gutter_size=\u00bb3&#8243; medium_width=\u00bb3&#8243; shift_x=\u00bb0&#8243; shift_y=\u00bb0&#8243; z_index=\u00bb0&#8243; width=\u00bb1\/3&#8243;][vc_column_text el_class=\u00bblead\u00bb]<\/p>\n<h3><span id=\"result_box\" class=\"short_text\" lang=\"es\" tabindex=\"-1\"><span class=\"\">Noticias de Salud<\/span><\/span><\/h3>\n<p>[\/vc_column_text][vc_column_text el_class=\u00bbrss\u00bb][rssonpage rss=\u00bbhttp:\/\/www.apteekki.fi\/terveydeksi\/uutiset.rss\u00bb feeds=\u00bb4&#8243; excerpt=\u00bbfalse\u00bb target=\u00bb_blank\u00bb][\/vc_column_text][\/vc_column][\/vc_row]<\/p>\n<\/section>","protected":false},"excerpt":{"rendered":"<p>[vc_row row_height_percent=\u00bb0&#8243; override_padding=\u00bbyes\u00bb h_padding=\u00bb0&#8243; top_padding=\u00bb1&#8243; bottom_padding=\u00bb0&#8243; overlay_alpha=\u00bb50&#8243; equal_height=\u00bbyes\u00bb gutter_size=\u00bb0&#8243; shift_y=\u00bb0&#8243;][vc_column column_width_percent=\u00bb100&#8243; position_vertical=\u00bbmiddle\u00bb align_horizontal=\u00bbalign_center\u00bb style=\u00bbdark\u00bb back_color=\u00bbaccent\u00bb overlay_alpha=\u00bb50&#8243; gutter_size=\u00bb3&#8243; align_medium=\u00bbalign_left_tablet\u00bb medium_width=\u00bb4&#8243; shift_x=\u00bb0&#8243; [&hellip;]<\/p>\n","protected":false},"author":1,"featured_media":0,"parent":0,"menu_order":12,"comment_status":"closed","ping_status":"open","template":"","meta":{"footnotes":""},"class_list":["post-456","page","type-page","status-publish","hentry"],"publishpress_future_action":{"enabled":false,"date":"2026-05-15 16:11:55","action":"change-status","newStatus":"draft","terms":[],"taxonomy":"page_category","extraData":[]},"publishpress_future_workflow_manual_trigger":{"enabledWorkflows":[]},"_links":{"self":[{"href":"https:\/\/ylimaarianapteekki.fi\/es\/wp-json\/wp\/v2\/pages\/456","targetHints":{"allow":["GET"]}}],"collection":[{"href":"https:\/\/ylimaarianapteekki.fi\/es\/wp-json\/wp\/v2\/pages"}],"about":[{"href":"https:\/\/ylimaarianapteekki.fi\/es\/wp-json\/wp\/v2\/types\/page"}],"author":[{"embeddable":true,"href":"https:\/\/ylimaarianapteekki.fi\/es\/wp-json\/wp\/v2\/users\/1"}],"replies":[{"embeddable":true,"href":"https:\/\/ylimaarianapteekki.fi\/es\/wp-json\/wp\/v2\/comments?post=456"}],"version-history":[{"count":5,"href":"https:\/\/ylimaarianapteekki.fi\/es\/wp-json\/wp\/v2\/pages\/456\/revisions"}],"predecessor-version":[{"id":681,"href":"https:\/\/ylimaarianapteekki.fi\/es\/wp-json\/wp\/v2\/pages\/456\/revisions\/681"}],"wp:attachment":[{"href":"https:\/\/ylimaarianapteekki.fi\/es\/wp-json\/wp\/v2\/media?parent=456"}],"curies":[{"name":"wp","href":"https:\/\/api.w.org\/{rel}","templated":true}]}}