{"id":484,"date":"2016-12-01T15:40:05","date_gmt":"2016-12-01T13:40:05","guid":{"rendered":"http:\/\/ylimaarianapteekki.fi\/?page_id=484\/"},"modified":"2017-01-03T14:53:06","modified_gmt":"2017-01-03T12:53:06","slug":"ser-cliente-fiel","status":"publish","type":"page","link":"https:\/\/ylimaarianapteekki.fi\/es\/ser-cliente-fiel\/","title":{"rendered":"Ser cliente fiel"},"content":{"rendered":"<section class=\"wpb-content-wrapper\"><p>[vc_row][vc_column width=\u00bb2\/3&#8243;][vc_column_text el_class=\u00bblead\u00bb]<\/p>\n<h2>\u00a1Llegue a ser cliente fiel ahora!<\/h2>\n<p>La farmacia de<span id=\"result_box\" class=\"short_text\" lang=\"es\"><span class=\"\"> Yli-Maaria<\/span><\/span> comenzar\u00e1 un nuevo programa de los clientes fieles, a trav\u00e9s del cual podremos darle servicio a\u00fan mejor. Como cliente fiel podr\u00e1 disfrutar de descuentos permanentes de los productos de la venta sin receta, informaci\u00f3n sobre salud y medicamentos, promociones especiales orientadas s\u00f3lo a nuestros clientes e informaci\u00f3n actual sobre las novedades y ofertas.<\/p>\n<p>[\/vc_column_text][vc_column_text]<\/p>\n<h3><strong>Vale la pena integrarse<\/strong><\/h3>\n<p>Se determina el descuento por la cantidad de compras hechas en un a\u00f1o del calendario. Forman parte los medicamentos y otros productos de automedicaci\u00f3n y la franquicia de los medicamentos con receta. Las compras de toda la familia aumentan la acumulaci\u00f3n de compras. Es decir, cu\u00e1nto m\u00e1s compra de la farmacia Skanssi, mejores beneficios tendr\u00e1.<\/p>\n<h3><strong>\u00a1No tiene que pagar nada!<\/strong><\/h3>\n<p>Unirse es f\u00e1cil y gratuito. Puede ser cliente fiel f\u00e1cilmente con su tarjeta KELA y no necesitar\u00e1 una tarjeta de fidelizaci\u00f3n aparte.<\/p>\n<p>Vaya a la farmacia de <span id=\"result_box\" class=\"short_text\" lang=\"es\"><span class=\"\">Yli-Maaria<\/span><\/span> a preguntar m\u00e1s sobre los beneficios de los clientes fieles y podr\u00e1 rellenar la solicitud al mismo tiempo. Tambi\u00e9n es posible imprimir la solicitud en la farmacia y tra\u00e9rnosla rellenada. Recuerde de llevar consigo su tarjeta KELA, as\u00ed podremos registrar su solicitud en el mismo momento. La fidelizaci\u00f3n del cliente empezar\u00e1 en seguida al registrar los datos.<\/p>\n<h4><span id=\"result_box\" class=\"\" lang=\"es\"><span class=\"\">Otro:<\/span><\/span><\/h4>\n<p><span id=\"result_box\" class=\"\" lang=\"es\"><a href=\"http:\/\/skanssinapteekki.fi\/tiedostot\/rekisteriseloste_kantaasiakas.pdf\" target=\"_blank\">Descripci\u00f3n del registro<\/a> de farmacia de <\/span><span id=\"result_box\" class=\"short_text\" lang=\"es\"><span class=\"\">Yli-Maaria<\/span><\/span>.<\/p>\n<p>[\/vc_column_text][\/vc_column][vc_column width=\u00bb1\/3&#8243;][vc_column_text el_class=\u00bbbubble\u00bb]Kanta-asiakkuus kannattaa![\/vc_column_text][vc_single_image media=\u00bb209&#8243; media_width_use_pixel=\u00bbyes\u00bb media_width_pixel=\u00bb720&#8243;][\/vc_column][\/vc_row]<\/p>\n<\/section>","protected":false},"excerpt":{"rendered":"<p>[vc_row][vc_column width=\u00bb2\/3&#8243;][vc_column_text el_class=\u00bblead\u00bb] \u00a1Llegue a ser cliente fiel ahora! La farmacia de Yli-Maaria comenzar\u00e1 un nuevo programa de los clientes [&hellip;]<\/p>\n","protected":false},"author":1,"featured_media":0,"parent":0,"menu_order":66,"comment_status":"closed","ping_status":"closed","template":"","meta":{"footnotes":""},"class_list":["post-484","page","type-page","status-publish","hentry"],"publishpress_future_action":{"enabled":false,"date":"2026-04-26 08:30:48","action":"change-status","newStatus":"draft","terms":[],"taxonomy":"page_category","extraData":[]},"publishpress_future_workflow_manual_trigger":{"enabledWorkflows":[]},"_links":{"self":[{"href":"https:\/\/ylimaarianapteekki.fi\/es\/wp-json\/wp\/v2\/pages\/484","targetHints":{"allow":["GET"]}}],"collection":[{"href":"https:\/\/ylimaarianapteekki.fi\/es\/wp-json\/wp\/v2\/pages"}],"about":[{"href":"https:\/\/ylimaarianapteekki.fi\/es\/wp-json\/wp\/v2\/types\/page"}],"author":[{"embeddable":true,"href":"https:\/\/ylimaarianapteekki.fi\/es\/wp-json\/wp\/v2\/users\/1"}],"replies":[{"embeddable":true,"href":"https:\/\/ylimaarianapteekki.fi\/es\/wp-json\/wp\/v2\/comments?post=484"}],"version-history":[{"count":2,"href":"https:\/\/ylimaarianapteekki.fi\/es\/wp-json\/wp\/v2\/pages\/484\/revisions"}],"predecessor-version":[{"id":712,"href":"https:\/\/ylimaarianapteekki.fi\/es\/wp-json\/wp\/v2\/pages\/484\/revisions\/712"}],"wp:attachment":[{"href":"https:\/\/ylimaarianapteekki.fi\/es\/wp-json\/wp\/v2\/media?parent=484"}],"curies":[{"name":"wp","href":"https:\/\/api.w.org\/{rel}","templated":true}]}}