{"id":526,"date":"2016-12-02T10:54:21","date_gmt":"2016-12-02T08:54:21","guid":{"rendered":"http:\/\/ylimaarianapteekki.fi\/?page_id=526\/"},"modified":"2016-12-02T10:55:13","modified_gmt":"2016-12-02T08:55:13","slug":"schengen-todistus","status":"publish","type":"page","link":"https:\/\/ylimaarianapteekki.fi\/es\/servicios\/schengen-todistus\/","title":{"rendered":"Certificado m\u00e9dico de los pa\u00edses del espacio Schengen"},"content":{"rendered":"<section class=\"wpb-content-wrapper\"><p>[vc_row][vc_column column_width_percent=\u00bb100&#8243; overlay_alpha=\u00bb50&#8243; gutter_size=\u00bb3&#8243; medium_width=\u00bb0&#8243; shift_x=\u00bb0&#8243; shift_y=\u00bb0&#8243; z_index=\u00bb0&#8243; width=\u00bb1\/4&#8243; el_class=\u00bbsivupalkki\u00bb][vc_column_text]<\/p>\n<h3>Servicios<\/h3>\n<p>[\/vc_column_text][vc_column_text]<!-- Widget Shortcode --><div id=\"my_avatar-2\" class=\"widget widget_fiat_sidebar_nav widget-shortcode area-arbitrary \">           \t<ul class=\"page-list\">\n\t\t\t\t<li class=\"page_item page-item-508\"><a href=\"https:\/\/ylimaarianapteekki.fi\/es\/servicios\/efectuacion-de-medicamentos-con-receta-y-renovacion-de-recetas\/\">Efectuaci\u00f3n de medicamentos con receta y renovaci\u00f3n de recetas<\/a><\/li>\n<li class=\"page_item page-item-516\"><a href=\"https:\/\/ylimaarianapteekki.fi\/es\/servicios\/retribucion-de-medicamentos\/\">Retribuci\u00f3n de medicamentos<\/a><\/li>\n<li class=\"page_item page-item-526\"><a href=\"https:\/\/ylimaarianapteekki.fi\/es\/servicios\/schengen-todistus\/\">Certificado m\u00e9dico de los pa\u00edses del espacio Schengen<\/a><\/li>\n<li class=\"page_item page-item-539\"><a href=\"https:\/\/ylimaarianapteekki.fi\/es\/servicios\/tarjeta-personal-de-medicamentos\/\">Tarjeta personal de medicamentos<\/a><\/li>\n<li class=\"page_item page-item-543\"><a href=\"https:\/\/ylimaarianapteekki.fi\/es\/servicios\/valoracion-completa-de-la-medicacion\/\">Valoraci\u00f3n completa de la medicaci\u00f3n<\/a><\/li>\n\t\t\t<\/ul>\n        <\/div><!-- \/Widget Shortcode -->[\/vc_column_text][\/vc_column][vc_column width=\u00bb3\/4&#8243;][vc_column_text]<\/p>\n<h2>Certificado m\u00e9dico de los pa\u00edses del espacio Schengen<\/h2>\n<p>Seg\u00fan el acuerdo de los pa\u00edses del espacio Schengen, el individuo tiene que llevar consigo un certificado m\u00e9dico si quiere mostrar la necesidad de llevar medicamentos que incluyen sustancias narc\u00f3ticas o psicotr\u00f3picas cuando se viaja dentro del espacio de Schengen.<\/p>\n<p>Al acuerdo de Schengen se han adherido, adem\u00e1s de Finlandia, Suecia, Noruega, Dinamarca, Islandia, Alemania, B\u00e9lgica, Francia, Los Pa\u00edses Bajos, Austria, Luxemburgo, Espa\u00f1a, Portugal, Italia, Grecia, Estonia, Letonia, Lituania, Polonia, Rep\u00fablica Checa, Eslovaquia, Hungr\u00eda, Eslovenia y Malta.<\/p>\n<p>Su farmacia principal o secundaria rellenar\u00e1 y firmar\u00e1 el certificado.<\/p>\n<p>El certificado se lo podr\u00e1n otorgar cuando se le dar\u00e1 el medicamento en cuesti\u00f3n o lo podr\u00e1 recibir despu\u00e9s de la compra en la farmacia en la que ha comprado el medicamento en cuesti\u00f3n<\/p>\n<p>El certificado m\u00e9dico del espacio Schengen cuesta 10 euros.<\/p>\n<p>[\/vc_column_text][\/vc_column][\/vc_row]<\/p>\n<\/section>","protected":false},"excerpt":{"rendered":"<p>[vc_row][vc_column column_width_percent=\u00bb100&#8243; overlay_alpha=\u00bb50&#8243; gutter_size=\u00bb3&#8243; medium_width=\u00bb0&#8243; shift_x=\u00bb0&#8243; shift_y=\u00bb0&#8243; z_index=\u00bb0&#8243; width=\u00bb1\/4&#8243; el_class=\u00bbsivupalkki\u00bb][vc_column_text] Servicios [\/vc_column_text][vc_column_text][\/vc_column_text][\/vc_column][vc_column width=\u00bb3\/4&#8243;][vc_column_text] Certificado m\u00e9dico de los pa\u00edses del espacio [&hellip;]<\/p>\n","protected":false},"author":1,"featured_media":0,"parent":475,"menu_order":45,"comment_status":"closed","ping_status":"closed","template":"","meta":{"footnotes":""},"class_list":["post-526","page","type-page","status-publish","hentry"],"publishpress_future_action":{"enabled":false,"date":"2026-04-26 10:19:26","action":"change-status","newStatus":"draft","terms":[],"taxonomy":"page_category","extraData":[]},"publishpress_future_workflow_manual_trigger":{"enabledWorkflows":[]},"_links":{"self":[{"href":"https:\/\/ylimaarianapteekki.fi\/es\/wp-json\/wp\/v2\/pages\/526","targetHints":{"allow":["GET"]}}],"collection":[{"href":"https:\/\/ylimaarianapteekki.fi\/es\/wp-json\/wp\/v2\/pages"}],"about":[{"href":"https:\/\/ylimaarianapteekki.fi\/es\/wp-json\/wp\/v2\/types\/page"}],"author":[{"embeddable":true,"href":"https:\/\/ylimaarianapteekki.fi\/es\/wp-json\/wp\/v2\/users\/1"}],"replies":[{"embeddable":true,"href":"https:\/\/ylimaarianapteekki.fi\/es\/wp-json\/wp\/v2\/comments?post=526"}],"version-history":[{"count":2,"href":"https:\/\/ylimaarianapteekki.fi\/es\/wp-json\/wp\/v2\/pages\/526\/revisions"}],"predecessor-version":[{"id":528,"href":"https:\/\/ylimaarianapteekki.fi\/es\/wp-json\/wp\/v2\/pages\/526\/revisions\/528"}],"up":[{"embeddable":true,"href":"https:\/\/ylimaarianapteekki.fi\/es\/wp-json\/wp\/v2\/pages\/475"}],"wp:attachment":[{"href":"https:\/\/ylimaarianapteekki.fi\/es\/wp-json\/wp\/v2\/media?parent=526"}],"curies":[{"name":"wp","href":"https:\/\/api.w.org\/{rel}","templated":true}]}}