{"id":543,"date":"2016-12-02T11:17:41","date_gmt":"2016-12-02T09:17:41","guid":{"rendered":"http:\/\/ylimaarianapteekki.fi\/?page_id=543\/"},"modified":"2016-12-02T11:21:11","modified_gmt":"2016-12-02T09:21:11","slug":"valoracion-completa-de-la-medicacion","status":"publish","type":"page","link":"https:\/\/ylimaarianapteekki.fi\/es\/servicios\/valoracion-completa-de-la-medicacion\/","title":{"rendered":"Valoraci\u00f3n completa de la medicaci\u00f3n"},"content":{"rendered":"<section class=\"wpb-content-wrapper\"><p>[vc_row][vc_column column_width_percent=\u00bb100&#8243; overlay_alpha=\u00bb50&#8243; gutter_size=\u00bb3&#8243; medium_width=\u00bb0&#8243; shift_x=\u00bb0&#8243; shift_y=\u00bb0&#8243; z_index=\u00bb0&#8243; width=\u00bb1\/4&#8243; el_class=\u00bbsivupalkki\u00bb][vc_column_text]<\/p>\n<h3><span id=\"result_box\" class=\"short_text\" lang=\"de\"><span class=\"\">Servicios<\/span><\/span><\/h3>\n<p>[\/vc_column_text][vc_column_text]<!-- Widget Shortcode --><div id=\"my_avatar-2\" class=\"widget widget_fiat_sidebar_nav widget-shortcode area-arbitrary \">           \t<ul class=\"page-list\">\n\t\t\t\t<li class=\"page_item page-item-508\"><a href=\"https:\/\/ylimaarianapteekki.fi\/es\/servicios\/efectuacion-de-medicamentos-con-receta-y-renovacion-de-recetas\/\">Efectuaci\u00f3n de medicamentos con receta y renovaci\u00f3n de recetas<\/a><\/li>\n<li class=\"page_item page-item-516\"><a href=\"https:\/\/ylimaarianapteekki.fi\/es\/servicios\/retribucion-de-medicamentos\/\">Retribuci\u00f3n de medicamentos<\/a><\/li>\n<li class=\"page_item page-item-526\"><a href=\"https:\/\/ylimaarianapteekki.fi\/es\/servicios\/schengen-todistus\/\">Certificado m\u00e9dico de los pa\u00edses del espacio Schengen<\/a><\/li>\n<li class=\"page_item page-item-539\"><a href=\"https:\/\/ylimaarianapteekki.fi\/es\/servicios\/tarjeta-personal-de-medicamentos\/\">Tarjeta personal de medicamentos<\/a><\/li>\n<li class=\"page_item page-item-543\"><a href=\"https:\/\/ylimaarianapteekki.fi\/es\/servicios\/valoracion-completa-de-la-medicacion\/\">Valoraci\u00f3n completa de la medicaci\u00f3n<\/a><\/li>\n\t\t\t<\/ul>\n        <\/div><!-- \/Widget Shortcode -->[\/vc_column_text][\/vc_column][vc_column width=\u00bb3\/4&#8243;][vc_column_text]<\/p>\n<h2>Valoraci\u00f3n completa de la medicaci\u00f3n<\/h2>\n<p>La valoraci\u00f3n completa de la medicaci\u00f3n es un proceso mucho m\u00e1s largo que el seguimiento de medicaci\u00f3n habitual. Incluye un estudio profundo de las enfermedades del paciente y de su medicaci\u00f3n, de los posibles problemas que pueda provocar la medicaci\u00f3n y las sugerencias de las posibles medidas que podr\u00edan solucionar estos problemas.<\/p>\n<p>La valoraci\u00f3n completa de medicaci\u00f3n es un servicio que se hace en colaboraci\u00f3n con el m\u00e9dico en cuesti\u00f3n. Con la valoraci\u00f3n completa se intenta reconocer y solucionar los problemas que han sido provocados por los medicamentos del paciente.<\/p>\n<p>Se hace la valoraci\u00f3n completa por ejemplo por siguientes razones: mala docilidad al tratamiento, problemas con la realizaci\u00f3n de la medicaci\u00f3n, sospecha de contraindicaciones o interacciones negativas, pobre respuesta al tratamiento o cumplimiento del tratamiento, medicaci\u00f3n irracional, m\u00e1s de cinco medicamentos, el paciente acude al m\u00e9dico a menudo o los gastos de medicaci\u00f3n son altos. La avanzada edad del paciente combinado con alg\u00fan hecho descrito arriba es una clave para hacer una valoraci\u00f3n completa de medicaci\u00f3n.<\/p>\n<p>Los paquetes de servicio son de dos tipos, refiriendo a la amplitud y al precio.<\/p>\n<p><strong>Valoraci\u00f3n completa de la medicaci\u00f3n cuesta 90 euros (paquete 1) \/ 495 euros (paquete 2).<\/strong><\/p>\n<p>[\/vc_column_text][\/vc_column][\/vc_row]<\/p>\n<\/section>","protected":false},"excerpt":{"rendered":"<p>[vc_row][vc_column column_width_percent=\u00bb100&#8243; overlay_alpha=\u00bb50&#8243; gutter_size=\u00bb3&#8243; medium_width=\u00bb0&#8243; shift_x=\u00bb0&#8243; shift_y=\u00bb0&#8243; z_index=\u00bb0&#8243; width=\u00bb1\/4&#8243; el_class=\u00bbsivupalkki\u00bb][vc_column_text] Servicios [\/vc_column_text][vc_column_text][\/vc_column_text][\/vc_column][vc_column width=\u00bb3\/4&#8243;][vc_column_text] Valoraci\u00f3n completa de la medicaci\u00f3n La valoraci\u00f3n [&hellip;]<\/p>\n","protected":false},"author":1,"featured_media":0,"parent":475,"menu_order":59,"comment_status":"closed","ping_status":"closed","template":"","meta":{"footnotes":""},"class_list":["post-543","page","type-page","status-publish","hentry"],"publishpress_future_action":{"enabled":false,"date":"2026-04-26 10:19:33","action":"change-status","newStatus":"draft","terms":[],"taxonomy":"page_category","extraData":[]},"publishpress_future_workflow_manual_trigger":{"enabledWorkflows":[]},"_links":{"self":[{"href":"https:\/\/ylimaarianapteekki.fi\/es\/wp-json\/wp\/v2\/pages\/543","targetHints":{"allow":["GET"]}}],"collection":[{"href":"https:\/\/ylimaarianapteekki.fi\/es\/wp-json\/wp\/v2\/pages"}],"about":[{"href":"https:\/\/ylimaarianapteekki.fi\/es\/wp-json\/wp\/v2\/types\/page"}],"author":[{"embeddable":true,"href":"https:\/\/ylimaarianapteekki.fi\/es\/wp-json\/wp\/v2\/users\/1"}],"replies":[{"embeddable":true,"href":"https:\/\/ylimaarianapteekki.fi\/es\/wp-json\/wp\/v2\/comments?post=543"}],"version-history":[{"count":3,"href":"https:\/\/ylimaarianapteekki.fi\/es\/wp-json\/wp\/v2\/pages\/543\/revisions"}],"predecessor-version":[{"id":547,"href":"https:\/\/ylimaarianapteekki.fi\/es\/wp-json\/wp\/v2\/pages\/543\/revisions\/547"}],"up":[{"embeddable":true,"href":"https:\/\/ylimaarianapteekki.fi\/es\/wp-json\/wp\/v2\/pages\/475"}],"wp:attachment":[{"href":"https:\/\/ylimaarianapteekki.fi\/es\/wp-json\/wp\/v2\/media?parent=543"}],"curies":[{"name":"wp","href":"https:\/\/api.w.org\/{rel}","templated":true}]}}