{"id":425,"date":"2016-11-16T15:30:15","date_gmt":"2016-11-16T13:30:15","guid":{"rendered":"http:\/\/ylimaarianapteekki.fi\/ru\/?page_id=425"},"modified":"2017-01-02T13:55:40","modified_gmt":"2017-01-02T11:55:40","slug":"%d0%b4%d0%be%d0%b1%d1%80%d0%be-%d0%bf%d0%be%d0%b6%d0%b0%d0%bb%d0%be%d0%b2%d0%b0%d1%82%d1%8c","status":"publish","type":"page","link":"https:\/\/ylimaarianapteekki.fi\/ru\/","title":{"rendered":"\u0434\u043e\u0431\u0440\u043e \u043f\u043e\u0436\u0430\u043b\u043e\u0432\u0430\u0442\u044c"},"content":{"rendered":"<section class=\"wpb-content-wrapper\"><p>[vc_row row_height_percent=&#187;0&#8243; override_padding=&#187;yes&#187; h_padding=&#187;0&#8243; top_padding=&#187;1&#8243; bottom_padding=&#187;0&#8243; overlay_alpha=&#187;50&#8243; equal_height=&#187;yes&#187; gutter_size=&#187;0&#8243; shift_y=&#187;0&#8243;][vc_column column_width_percent=&#187;100&#8243; position_vertical=&#187;middle&#187; align_horizontal=&#187;align_center&#187; style=&#187;dark&#187; back_color=&#187;accent&#187; overlay_alpha=&#187;50&#8243; gutter_size=&#187;3&#8243; align_medium=&#187;align_left_tablet&#187; medium_width=&#187;4&#8243; shift_x=&#187;0&#8243; shift_y=&#187;0&#8243; z_index=&#187;0&#8243; width=&#187;1\/3&#8243; el_class=&#187;info-box&#187;][vc_column_text]<\/p>\n<h1>\u0420\u0430\u0431\u043e\u0442\u0430\u0435\u043c \u0431\u0435\u0437 \u0432\u044b\u0445\u043e\u0434\u043d\u044b\u0445<\/h1>\n<hr \/>\n<h3>\u0427\u0430\u0441\u044b \u0440\u0430\u0431\u043e\u0442\u044b:<\/h3>\n<p><span class=\"open\">\u041f\u043d-\u0447\u0435\u0442\u0432\u0435\u0440\u0433<\/span> [easy_options id=&#187;ya_mape&#187;]<br \/>\n<span class=\"open\">\u041f\u0442<\/span> [easy_options id=&#187;ya_la&#187;]<br \/>\n<span class=\"open\">\u0421\u0431<\/span> [easy_options id=&#187;ya_su&#187;]<\/p>\n<hr \/>\n<p>\u0422\u0435\u043b. <a href=\"tel:+35822349100\">02 234 9100<\/a><\/p>\n<p><a href=\"https:\/\/goo.gl\/maps\/hsYxm8Tdnvy\" target=\"_blank\">Mittumaarintie 73, <\/a><br \/>\n20400 Turku[\/vc_column_text][\/vc_column][vc_column column_width_percent=&#187;100&#8243; back_image=&#187;18&#8243; back_position=&#187;center center&#187; overlay_alpha=&#187;50&#8243; gutter_size=&#187;3&#8243; medium_width=&#187;4&#8243; shift_x=&#187;0&#8243; shift_y=&#187;0&#8243; z_index=&#187;0&#8243; width=&#187;2\/3&#8243;][vc_empty_space empty_h=&#187;2&#8243; el_class=&#187;filleri&#187;][\/vc_column][\/vc_row][vc_row][vc_column width=&#187;2\/3&#8243;][vc_column_text el_class=&#187;lead&#187;]<\/p>\n<div id=\"content\">\n<h2>\u041c\u044b \u043f\u0440\u0438\u0433\u043e\u0442\u043e\u0432\u0438\u043c \u043b\u0435\u043a\u0430\u0440\u0441\u0442\u0432\u043e \u043f\u043e \u0432\u0430\u0448\u0435\u043c\u0443 \u0440\u0435\u0446\u0435\u043f\u0442\u0443, \u043f\u043e\u043a\u0430 \u0432\u044b \u0436\u0434\u0435\u0442\u0435 \u0438\u043b\u0438 \u0437\u0430\u043d\u0438\u043c\u0430\u0435\u0442\u0435\u0441\u044c \u043f\u043e\u043a\u0443\u043f\u043a\u0430\u043c\u0438 \u0432 \u0442\u043e\u0440\u0433\u043e\u0432\u043e\u043c \u0446\u0435\u043d\u0442\u0440\u0435!<\/h2>\n<ul>\n<li>\u0418\u043d\u0434\u0438\u0432\u0438\u0434\u0443\u0430\u043b\u044c\u043d\u044b\u0439 \u043f\u043e\u0434\u0445\u043e\u0434 \u043a \u043a\u0430\u0436\u0434\u043e\u043c\u0443 \u043a\u043b\u0438\u0435\u043d\u0442\u0443 \u043e\u0431\u0435\u0441\u043f\u0435\u0447\u0438\u0432\u0430\u0435\u0442\u0441\u044f \u043f\u043e\u0441\u0440\u0435\u0434\u0441\u0442\u0432\u043e\u043c \u043f\u0440\u043e\u0444\u0435\u0441\u0441\u0438\u043e\u043d\u0430\u043b\u044c\u043d\u043e\u0433\u043e \u043e\u0431\u0441\u043b\u0443\u0436\u0438\u0432\u0430\u043d\u0438\u044f \u043a\u043b\u0438\u0435\u043d\u0442\u043e\u0432 \u0441 \u0440\u0435\u0446\u0435\u043f\u0442\u0430\u043c\u0438 \u0432 \u043e\u0442\u0434\u0435\u043b\u044c\u043d\u044b\u0445 \u043b\u043e\u0436\u0430\u0445.<\/li>\n<li>\u041a\u043e\u043d\u0441\u0443\u043b\u044c\u0442\u0430\u0446\u0438\u0438 \u0432\u044b\u0441\u043e\u043a\u043e\u043a\u0432\u0430\u043b\u0438\u0444\u0438\u0446\u0438\u0440\u043e\u0432\u0430\u043d\u043d\u044b\u0445 \u0441\u043f\u0435\u0446\u0438\u0430\u043b\u0438\u0441\u0442\u043e\u0432 \u043f\u043e\u043c\u043e\u0433\u0443\u0442 \u0432\u0430\u043c \u0440\u0430\u0437\u043e\u0431\u0440\u0430\u0442\u044c\u0441\u044f \u0432 \u043f\u0440\u0430\u0432\u0438\u043b\u044c\u043d\u043e\u043c \u043f\u0440\u0438\u043c\u0435\u043d\u0435\u043d\u0438\u0438 \u043b\u0435\u043a\u0430\u0440\u0441\u0442\u0432\u0435\u043d\u043d\u044b\u0445 \u0441\u0440\u0435\u0434\u0441\u0442\u0432 \u0438 \u0434\u0440\u0443\u0433\u0438\u0445 \u043c\u0435\u0434\u0438\u0446\u0438\u043d\u0441\u043a\u0438\u0445 \u0442\u043e\u0432\u0430\u0440\u043e\u0432 \u0432 \u0441\u043e\u043e\u0442\u0432\u0435\u0442\u0441\u0442\u0432\u0438\u0438 \u0441 \u0432\u0430\u0448\u0438\u043c\u0438 \u043f\u043e\u0442\u0440\u0435\u0431\u043d\u043e\u0441\u0442\u044f\u043c\u0438.<\/li>\n<li>\u0412 \u043d\u0430\u0448\u0435\u0439 \u0430\u043f\u0442\u0435\u043a\u0430 \u0434\u043b\u044f \u0432\u0430\u0441 \u043a\u043e\u043c\u0444\u043e\u0440\u0442\u043d\u044b\u0435 \u0446\u0435\u043d\u044b \u0438 \u0441\u043f\u0435\u0446\u0438\u0430\u043b\u044c\u043d\u044b\u0435 \u043f\u0440\u0435\u0434\u043b\u043e\u0436\u0435\u043d\u0438\u044f<\/li>\n<li>\u0412 \u043d\u0430\u0448\u0435\u0439 \u0430\u043f\u0442\u0435\u043a\u0435 \u0432\u043e\u0437\u043c\u043e\u0436\u043d\u043e \u043e\u0442\u0441\u043b\u0435\u0436\u0438\u0432\u0430\u043d\u0438\u0435 \u0440\u0430\u0441\u0445\u043e\u0434\u043e\u0432 \u043d\u0430 \u043b\u0435\u043a\u0430\u0440\u0441\u0442\u0432\u0430 \u0441 \u0446\u0435\u043b\u044c\u044e \u043f\u043e\u043b\u0443\u0447\u0435\u043d\u0438\u044f \u0434\u043e\u043f\u043e\u043b\u043d\u0438\u0442\u0435\u043b\u044c\u043d\u044b\u0445 \u043a\u043e\u043c\u043f\u0435\u043d\u0441\u0430\u0446\u0438\u0439 \u043e\u0442 KELA (\u043f\u0440\u0438 \u0437\u0430\u043a\u043b\u044e\u0447\u0435\u043d\u0438\u0438 \u0441\u043e\u043e\u0442\u0432\u0435\u0442\u0441\u0442\u0432\u0443\u044e\u0449\u0435\u0433\u043e \u0434\u043e\u0433\u043e\u0432\u043e\u0440\u0430 \u043c\u0435\u0436\u0434\u0443 \u043a\u043b\u0438\u0435\u043d\u0442\u043e\u043c \u0438 \u0430\u043f\u0442\u0435\u043a\u043e\u0439).<\/li>\n<\/ul>\n<p><strong>\u0417\u043d\u0430\u0435\u0442\u0435 \u043b\u0438 \u0432\u044b \u0447\u0442\u043e \u043d\u0435\u043a\u043e\u0442\u043e\u0440\u044b\u0435 \u043b\u0435\u043a\u0430\u0440\u0441\u0442\u0432\u0430 \u043d\u0435\u043b\u044c\u0437\u044f \u043f\u0440\u0438\u043d\u0438\u043c\u0430\u0442\u044c \u043e\u0434\u043d\u043e\u0432\u0440\u0435\u043c\u0435\u043d\u043d\u043e?<\/strong><br \/>\n\u0412 \u043d\u0430\u0448\u0435\u0439 \u0430\u043f\u0442\u0435\u043a\u0435 \u043c\u044b \u0432\u0441\u0435\u0433\u0434\u0430 \u043f\u0440\u043e\u0432\u0435\u0440\u044f\u0435\u043c \u0441\u043e\u0432\u043c\u0435\u0441\u0442\u0438\u043c\u043e\u0441\u0442\u044c \u0432\u0430\u0448\u0438\u0445 \u043b\u0435\u043a\u0430\u0440\u0441\u0442\u0432\u0435\u043d\u043d\u044b\u0445 \u043f\u0440\u0435\u043f\u0430\u0440\u0430\u0442\u043e\u0432. \u0412 \u0441\u043b\u0443\u0447\u0430\u0435 \u0432\u044b\u044f\u0432\u043b\u0435\u043d\u0438\u044f \u043f\u043e\u0442\u0435\u043d\u0446\u0438\u0430\u043b\u044c\u043d\u043e \u043e\u043f\u0430\u0441\u043d\u044b\u0445 \u0432\u0437\u0430\u0438\u043c\u043e\u0434\u0435\u0439\u0441\u0442\u0432\u0438\u0439, \u043c\u044b \u0441\u0432\u044f\u0436\u0435\u043c\u0441\u044f \u0441 \u0432\u0430\u0448\u0438\u043c \u0432\u0440\u0430\u0447\u043e\u043c.<\/p>\n<\/div>\n<p>[\/vc_column_text][\/vc_column][vc_column width=&#187;1\/3&#8243;][vc_column_text el_class=&#187;bubble&#187;]Meilt\u00e4 my\u00f6s eReseptit![\/vc_column_text][vc_single_image media=&#187;271&#8243; media_width_use_pixel=&#187;yes&#187; alignment=&#187;center&#187; media_width_pixel=&#187;280&#8243;][\/vc_column][\/vc_row][vc_row row_height_percent=&#187;0&#8243; override_padding=&#187;yes&#187; h_padding=&#187;0&#8243; top_padding=&#187;2&#8243; bottom_padding=&#187;2&#8243; overlay_alpha=&#187;50&#8243; equal_height=&#187;yes&#187; gutter_size=&#187;0&#8243; shift_y=&#187;0&#8243;][vc_column column_width_percent=&#187;100&#8243; back_color=&#187;color-gyho&#187; overlay_alpha=&#187;50&#8243; gutter_size=&#187;3&#8243; medium_width=&#187;3&#8243; shift_x=&#187;0&#8243; shift_y=&#187;0&#8243; z_index=&#187;0&#8243; width=&#187;1\/3&#8243; el_class=&#187;col-tarjoukset&#187;][vc_column_text el_class=&#187;lead&#187;]<\/p>\n<h3>\u0410\u043a\u0446\u0438\u0438<\/h3>\n<p>[\/vc_column_text][vc_column_text]<form autocomplete=\"off\" name=\"wpv-filter-96\" action=\"\/ru\/wp-json\/wp\/v2\/pages\/425?wpv_view_count=96\" method=\"get\" class=\"wpv-filter-form js-wpv-filter-form js-wpv-filter-form-96 js-wpv-form-full\" data-viewnumber=\"96\" data-viewid=\"96\" data-viewhash=\"eyJuYW1lIjoidGFyam91a3NldC1zaW5nbGUifQ==\" data-viewwidgetid=\"0\" data-orderby=\"\" data-order=\"\" data-orderbyas=\"\" data-orderbysecond=\"\" data-ordersecond=\"\" data-parametric=\"{&quot;query&quot;:&quot;normal&quot;,&quot;id&quot;:96,&quot;view_id&quot;:96,&quot;widget_id&quot;:0,&quot;view_hash&quot;:&quot;96&quot;,&quot;action&quot;:&quot;\\\/ru\\\/wp-json\\\/wp\\\/v2\\\/pages\\\/425?wpv_view_count=96&quot;,&quot;sort&quot;:{&quot;orderby&quot;:&quot;&quot;,&quot;order&quot;:&quot;&quot;,&quot;orderby_as&quot;:&quot;&quot;,&quot;orderby_second&quot;:&quot;&quot;,&quot;order_second&quot;:&quot;&quot;},&quot;orderby&quot;:&quot;&quot;,&quot;order&quot;:&quot;&quot;,&quot;orderby_as&quot;:&quot;&quot;,&quot;orderby_second&quot;:&quot;&quot;,&quot;order_second&quot;:&quot;&quot;,&quot;ajax_form&quot;:&quot;&quot;,&quot;ajax_results&quot;:&quot;&quot;,&quot;effect&quot;:&quot;fade&quot;,&quot;prebefore&quot;:&quot;&quot;,&quot;before&quot;:&quot;&quot;,&quot;after&quot;:&quot;&quot;,&quot;attributes&quot;:[],&quot;environment&quot;:{&quot;current_post_id&quot;:425,&quot;parent_post_id&quot;:425,&quot;parent_term_id&quot;:0,&quot;parent_user_id&quot;:0,&quot;archive&quot;:{&quot;type&quot;:&quot;&quot;,&quot;name&quot;:&quot;&quot;,&quot;data&quot;:[]}},&quot;loop&quot;:{&quot;type&quot;:&quot;&quot;,&quot;name&quot;:&quot;&quot;,&quot;data&quot;:[],&quot;id&quot;:0}}\" data-attributes=\"[]\" data-environment=\"{&quot;current_post_id&quot;:425,&quot;parent_post_id&quot;:425,&quot;parent_term_id&quot;:0,&quot;parent_user_id&quot;:0,&quot;archive&quot;:{&quot;type&quot;:&quot;&quot;,&quot;name&quot;:&quot;&quot;,&quot;data&quot;:[]}}\"><input type=\"hidden\" class=\"js-wpv-dps-filter-data js-wpv-filter-data-for-this-form\" data-action=\"\/ru\/wp-json\/wp\/v2\/pages\/425?wpv_view_count=96\" data-page=\"1\" data-ajax=\"disable\" data-effect=\"fade\" data-maxpages=\"0\" data-ajaxprebefore=\"\" data-ajaxbefore=\"\" data-ajaxafter=\"\" \/><input class=\"wpv_view_count wpv_view_count-96\" type=\"hidden\" name=\"wpv_view_count\" value=\"96\" \/>\n\n<\/form>\n<div id=\"wpv-view-layout-96\" class=\"js-wpv-view-layout js-wpv-layout-responsive js-wpv-view-layout-96 wpv-pagination js-wpv-layout-has-pagination wpv-pagination-preload-images js-wpv-layout-preload-images wpv-pagination-preload-pages js-wpv-layout-preload-pages\" style=\"visibility:hidden;\" data-viewnumber=\"96\" data-pagination=\"{&quot;id&quot;:96,&quot;query&quot;:&quot;normal&quot;,&quot;type&quot;:&quot;rollover&quot;,&quot;effect&quot;:&quot;fade&quot;,&quot;duration&quot;:500,&quot;speed&quot;:5,&quot;pause_on_hover&quot;:&quot;disabled&quot;,&quot;stop_rollover&quot;:&quot;true&quot;,&quot;cache_pages&quot;:&quot;enabled&quot;,&quot;preload_images&quot;:&quot;enabled&quot;,&quot;preload_pages&quot;:&quot;enabled&quot;,&quot;preload_reach&quot;:1,&quot;spinner&quot;:&quot;builtin&quot;,&quot;spinner_image&quot;:&quot;&quot;,&quot;callback_next&quot;:&quot;&quot;,&quot;manage_history&quot;:&quot;enabled&quot;,&quot;has_controls_in_form&quot;:&quot;disabled&quot;,&quot;infinite_tolerance&quot;:0,&quot;max_pages&quot;:0,&quot;page&quot;:1,&quot;base_permalink&quot;:&quot;\/ru\/wp-json\/wp\/v2\/pages\/425?wpv_view_count=96&amp;wpv_paged=WPV_PAGE_NUM&quot;,&quot;loop&quot;:{&quot;type&quot;:&quot;&quot;,&quot;name&quot;:&quot;&quot;,&quot;data&quot;:[],&quot;id&quot;:0}}\" data-permalink=\"\/ru\/wp-json\/wp\/v2\/pages\/425?wpv_view_count=96\">\n\n\t\n\t\n\t\t<strong>Ei tarjouksia t\u00e4ll\u00e4hetkell\u00e4.<\/strong>\n\t\n<\/div>\n[\/vc_column_text][vc_button button_color=&#187;accent&#187; size=&#187;btn-lg&#187; wide=&#187;yes&#187; link=&#187;url:http%3A%2F%2Fylimaaria.skanssinapteekki.fi%2Ftarjoukset%2F|||&#187; el_class=&#187;kaikki-tarjoukset-nappi&#187;]\u041f\u043e\u043a\u0430\u0437\u0430\u0442\u044c \u0432\u0441\u0435[\/vc_button][\/vc_column][vc_column column_width_percent=&#187;100&#8243; style=&#187;dark&#187; back_color=&#187;accent&#187; overlay_alpha=&#187;50&#8243; gutter_size=&#187;3&#8243; medium_width=&#187;3&#8243; shift_x=&#187;0&#8243; shift_y=&#187;0&#8243; z_index=&#187;0&#8243; width=&#187;1\/3&#8243;][vc_column_text el_class=&#187;lead&#187;]<\/p>\n<h3>\u041d\u043e\u0432\u043e\u0441\u0442\u0438<\/h3>\n<p>[\/vc_column_text][vc_column_text][custom-facebook-feed num=1][\/vc_column_text][\/vc_column][vc_column column_width_percent=&#187;100&#8243; style=&#187;dark&#187; back_color=&#187;color-dfgh&#187; overlay_alpha=&#187;50&#8243; gutter_size=&#187;3&#8243; medium_width=&#187;3&#8243; shift_x=&#187;0&#8243; shift_y=&#187;0&#8243; z_index=&#187;0&#8243; width=&#187;1\/3&#8243;][vc_column_text el_class=&#187;lead&#187;]<\/p>\n<h3>\u041d\u043e\u0432\u043e\u0441\u0442\u0438 Terveys.fi<\/h3>\n<p>[\/vc_column_text][vc_column_text el_class=&#187;rss&#187;][rssonpage rss=&#187;http:\/\/www.apteekki.fi\/terveydeksi\/uutiset.rss&#187; feeds=&#187;4&#8243; excerpt=&#187;false&#187; target=&#187;_blank&#187;][\/vc_column_text][\/vc_column][\/vc_row]<\/p>\n<\/section>","protected":false},"excerpt":{"rendered":"<p>[vc_row row_height_percent=&#187;0&#8243; override_padding=&#187;yes&#187; h_padding=&#187;0&#8243; top_padding=&#187;1&#8243; bottom_padding=&#187;0&#8243; overlay_alpha=&#187;50&#8243; equal_height=&#187;yes&#187; gutter_size=&#187;0&#8243; shift_y=&#187;0&#8243;][vc_column column_width_percent=&#187;100&#8243; position_vertical=&#187;middle&#187; align_horizontal=&#187;align_center&#187; style=&#187;dark&#187; back_color=&#187;accent&#187; overlay_alpha=&#187;50&#8243; gutter_size=&#187;3&#8243; align_medium=&#187;align_left_tablet&#187; medium_width=&#187;4&#8243; shift_x=&#187;0&#8243; [&hellip;]<\/p>\n","protected":false},"author":1,"featured_media":0,"parent":0,"menu_order":12,"comment_status":"closed","ping_status":"open","template":"","meta":{"footnotes":""},"class_list":["post-425","page","type-page","status-publish","hentry"],"publishpress_future_action":{"enabled":false,"date":"2026-05-15 16:12:12","action":"change-status","newStatus":"draft","terms":[],"taxonomy":"page_category","extraData":[]},"publishpress_future_workflow_manual_trigger":{"enabledWorkflows":[]},"_links":{"self":[{"href":"https:\/\/ylimaarianapteekki.fi\/ru\/wp-json\/wp\/v2\/pages\/425","targetHints":{"allow":["GET"]}}],"collection":[{"href":"https:\/\/ylimaarianapteekki.fi\/ru\/wp-json\/wp\/v2\/pages"}],"about":[{"href":"https:\/\/ylimaarianapteekki.fi\/ru\/wp-json\/wp\/v2\/types\/page"}],"author":[{"embeddable":true,"href":"https:\/\/ylimaarianapteekki.fi\/ru\/wp-json\/wp\/v2\/users\/1"}],"replies":[{"embeddable":true,"href":"https:\/\/ylimaarianapteekki.fi\/ru\/wp-json\/wp\/v2\/comments?post=425"}],"version-history":[{"count":3,"href":"https:\/\/ylimaarianapteekki.fi\/ru\/wp-json\/wp\/v2\/pages\/425\/revisions"}],"predecessor-version":[{"id":678,"href":"https:\/\/ylimaarianapteekki.fi\/ru\/wp-json\/wp\/v2\/pages\/425\/revisions\/678"}],"wp:attachment":[{"href":"https:\/\/ylimaarianapteekki.fi\/ru\/wp-json\/wp\/v2\/media?parent=425"}],"curies":[{"name":"wp","href":"https:\/\/api.w.org\/{rel}","templated":true}]}}