{"id":374,"date":"2016-10-27T15:20:47","date_gmt":"2016-10-27T12:20:47","guid":{"rendered":"http:\/\/ylimaarianapteekki.fi\/sv\/?page_id=374"},"modified":"2017-01-03T15:34:39","modified_gmt":"2017-01-03T13:34:39","slug":"vaelkommen","status":"publish","type":"page","link":"https:\/\/ylimaarianapteekki.fi\/sv\/","title":{"rendered":"V\u00e4lkommen"},"content":{"rendered":"<section class=\"wpb-content-wrapper\"><p>[vc_row row_height_percent=&#8221;0&#8243; override_padding=&#8221;yes&#8221; h_padding=&#8221;0&#8243; top_padding=&#8221;1&#8243; bottom_padding=&#8221;0&#8243; overlay_alpha=&#8221;50&#8243; equal_height=&#8221;yes&#8221; gutter_size=&#8221;0&#8243; shift_y=&#8221;0&#8243;][vc_column column_width_percent=&#8221;100&#8243; position_vertical=&#8221;middle&#8221; align_horizontal=&#8221;align_center&#8221; style=&#8221;dark&#8221; back_color=&#8221;accent&#8221; overlay_alpha=&#8221;50&#8243; gutter_size=&#8221;3&#8243; align_medium=&#8221;align_left_tablet&#8221; medium_width=&#8221;4&#8243; shift_x=&#8221;0&#8243; shift_y=&#8221;0&#8243; z_index=&#8221;0&#8243; width=&#8221;1\/3&#8243; el_class=&#8221;info-box&#8221;][vc_column_text]<\/p>\n<h1>\u00d6ppet varje dag inklusive s\u00f6ndagar<\/h1>\n<hr \/>\n<h3>Vi \u00e4r \u00f6ppna:<\/h3>\n<p>M\u00e5-to [easy_options id=&#8221;ya_mape&#8221;]<br \/>\nFre [easy_options id=&#8221;ya_la&#8221;]<br \/>\nL\u00f6 [easy_options id=&#8221;ya_su&#8221;]<\/p>\n<hr \/>\n<p>Tel. <a href=\"tel:+35822146100\">02 2146100<\/a><\/p>\n<p><a href=\"https:\/\/www.google.fi\/maps\/place\/Mittumaarintie+73,+20400+Turku\/@60.5351061,22.3039461,17.02z\/data=!4m5!3m4!1s0x468c7509cc115fc9:0xdb10f67cfbc0081b!8m2!3d60.5350991!4d22.3061707?hl=fi\" target=\"_blank\">Mittumaarintie 73,<br \/>\n20400 Turku<\/a>[\/vc_column_text][\/vc_column][vc_column column_width_percent=&#8221;100&#8243; back_image=&#8221;18&#8243; back_position=&#8221;center center&#8221; overlay_alpha=&#8221;50&#8243; gutter_size=&#8221;3&#8243; medium_width=&#8221;4&#8243; shift_x=&#8221;0&#8243; shift_y=&#8221;0&#8243; z_index=&#8221;0&#8243; width=&#8221;2\/3&#8243;][vc_empty_space empty_h=&#8221;2&#8243; el_class=&#8221;filleri&#8221;][\/vc_column][\/vc_row][vc_row][vc_column width=&#8221;2\/3&#8243;][vc_column_text el_class=&#8221;lead&#8221;]<\/p>\n<div id=\"content\">\n<h2>Vi expedierar dina receptmediciner medan du v\u00e4ntar, men du kan ocks\u00e5 l\u00e4mna in receptet och g\u00e5 och shoppa!<\/h2>\n<ul>\n<li>Vi har skilda betj\u00e4ningspunkter f\u00f6r expediering av receptmediciner, d\u00e4r Du f\u00e5r snabb, sakkunnig och personlig betj\u00e4ning.<\/li>\n<li>V\u00e5r personal ger Dig g\u00e4rna r\u00e5d om trygg l\u00e4kemedelsanv\u00e4ndning och hj\u00e4lper Dig att hitta just de produkter som b\u00e4st passar f\u00f6r Dig.<\/li>\n<li>Du kan dra nytta av v\u00e5ra f\u00f6rm\u00e5nliga erbjudanden och spara pengar.<\/li>\n<li>Om Du vill, kan vi f\u00f6lja upp om FPA:s gr\u00e4ns f\u00f6r h\u00f6ga l\u00e4kemedelskostnader eventuellt \u00f6verskrids och som Du har r\u00e4tt till till\u00e4ggsers\u00e4ttning.<\/li>\n<\/ul>\n<p>&nbsp;<\/p>\n<p><strong>Visste du att l\u00e4kemedel kan ha skadliga interaktioner?<\/strong><br \/>\nVi kontrollerar alltid att kundens mediciner passar ihop. Om vi hittar farliga interaktioner kontaktar vi patientens v\u00e5rdande l\u00e4kare.<\/p>\n<\/div>\n<p>[\/vc_column_text][\/vc_column][vc_column width=&#8221;1\/3&#8243;][vc_column_text el_class=&#8221;bubble&#8221;]L\u00e5t en av v\u00e5ra e-recept![\/vc_column_text][vc_single_image media=&#8221;271&#8243; media_width_use_pixel=&#8221;yes&#8221; alignment=&#8221;center&#8221; media_width_pixel=&#8221;280&#8243;][\/vc_column][\/vc_row][vc_row row_height_percent=&#8221;0&#8243; override_padding=&#8221;yes&#8221; h_padding=&#8221;0&#8243; top_padding=&#8221;2&#8243; bottom_padding=&#8221;2&#8243; overlay_alpha=&#8221;50&#8243; equal_height=&#8221;yes&#8221; gutter_size=&#8221;0&#8243; shift_y=&#8221;0&#8243;][vc_column column_width_percent=&#8221;100&#8243; back_color=&#8221;color-gyho&#8221; overlay_alpha=&#8221;50&#8243; gutter_size=&#8221;3&#8243; medium_width=&#8221;3&#8243; shift_x=&#8221;0&#8243; shift_y=&#8221;0&#8243; z_index=&#8221;0&#8243; width=&#8221;1\/3&#8243; el_class=&#8221;col-tarjoukset&#8221;][vc_column_text el_class=&#8221;lead&#8221;]<\/p>\n<h3>Erbjudanden<\/h3>\n<p>[\/vc_column_text][vc_column_text]<form autocomplete=\"off\" name=\"wpv-filter-96\" action=\"\/sv\/wp-json\/wp\/v2\/pages\/374?wpv_view_count=96\" method=\"get\" class=\"wpv-filter-form js-wpv-filter-form js-wpv-filter-form-96 js-wpv-form-full\" data-viewnumber=\"96\" data-viewid=\"96\" data-viewhash=\"eyJuYW1lIjoidGFyam91a3NldC1zaW5nbGUifQ==\" data-viewwidgetid=\"0\" data-orderby=\"\" data-order=\"\" data-orderbyas=\"\" data-orderbysecond=\"\" data-ordersecond=\"\" data-parametric=\"{&quot;query&quot;:&quot;normal&quot;,&quot;id&quot;:96,&quot;view_id&quot;:96,&quot;widget_id&quot;:0,&quot;view_hash&quot;:&quot;96&quot;,&quot;action&quot;:&quot;\\\/sv\\\/wp-json\\\/wp\\\/v2\\\/pages\\\/374?wpv_view_count=96&quot;,&quot;sort&quot;:{&quot;orderby&quot;:&quot;&quot;,&quot;order&quot;:&quot;&quot;,&quot;orderby_as&quot;:&quot;&quot;,&quot;orderby_second&quot;:&quot;&quot;,&quot;order_second&quot;:&quot;&quot;},&quot;orderby&quot;:&quot;&quot;,&quot;order&quot;:&quot;&quot;,&quot;orderby_as&quot;:&quot;&quot;,&quot;orderby_second&quot;:&quot;&quot;,&quot;order_second&quot;:&quot;&quot;,&quot;ajax_form&quot;:&quot;&quot;,&quot;ajax_results&quot;:&quot;&quot;,&quot;effect&quot;:&quot;fade&quot;,&quot;prebefore&quot;:&quot;&quot;,&quot;before&quot;:&quot;&quot;,&quot;after&quot;:&quot;&quot;,&quot;attributes&quot;:[],&quot;environment&quot;:{&quot;current_post_id&quot;:374,&quot;parent_post_id&quot;:374,&quot;parent_term_id&quot;:0,&quot;parent_user_id&quot;:0,&quot;archive&quot;:{&quot;type&quot;:&quot;&quot;,&quot;name&quot;:&quot;&quot;,&quot;data&quot;:[]}},&quot;loop&quot;:{&quot;type&quot;:&quot;&quot;,&quot;name&quot;:&quot;&quot;,&quot;data&quot;:[],&quot;id&quot;:0}}\" data-attributes=\"[]\" data-environment=\"{&quot;current_post_id&quot;:374,&quot;parent_post_id&quot;:374,&quot;parent_term_id&quot;:0,&quot;parent_user_id&quot;:0,&quot;archive&quot;:{&quot;type&quot;:&quot;&quot;,&quot;name&quot;:&quot;&quot;,&quot;data&quot;:[]}}\"><input type=\"hidden\" class=\"js-wpv-dps-filter-data js-wpv-filter-data-for-this-form\" data-action=\"\/sv\/wp-json\/wp\/v2\/pages\/374?wpv_view_count=96\" data-page=\"1\" data-ajax=\"disable\" data-effect=\"fade\" data-maxpages=\"0\" data-ajaxprebefore=\"\" data-ajaxbefore=\"\" data-ajaxafter=\"\" \/><input class=\"wpv_view_count wpv_view_count-96\" type=\"hidden\" name=\"wpv_view_count\" value=\"96\" \/>\n\n<\/form>\n<div id=\"wpv-view-layout-96\" class=\"js-wpv-view-layout js-wpv-layout-responsive js-wpv-view-layout-96 wpv-pagination js-wpv-layout-has-pagination wpv-pagination-preload-images js-wpv-layout-preload-images wpv-pagination-preload-pages js-wpv-layout-preload-pages\" style=\"visibility:hidden;\" data-viewnumber=\"96\" data-pagination=\"{&quot;id&quot;:96,&quot;query&quot;:&quot;normal&quot;,&quot;type&quot;:&quot;rollover&quot;,&quot;effect&quot;:&quot;fade&quot;,&quot;duration&quot;:500,&quot;speed&quot;:5,&quot;pause_on_hover&quot;:&quot;disabled&quot;,&quot;stop_rollover&quot;:&quot;true&quot;,&quot;cache_pages&quot;:&quot;enabled&quot;,&quot;preload_images&quot;:&quot;enabled&quot;,&quot;preload_pages&quot;:&quot;enabled&quot;,&quot;preload_reach&quot;:1,&quot;spinner&quot;:&quot;builtin&quot;,&quot;spinner_image&quot;:&quot;&quot;,&quot;callback_next&quot;:&quot;&quot;,&quot;manage_history&quot;:&quot;enabled&quot;,&quot;has_controls_in_form&quot;:&quot;disabled&quot;,&quot;infinite_tolerance&quot;:0,&quot;max_pages&quot;:0,&quot;page&quot;:1,&quot;base_permalink&quot;:&quot;\/sv\/wp-json\/wp\/v2\/pages\/374?wpv_view_count=96&amp;wpv_paged=WPV_PAGE_NUM&quot;,&quot;loop&quot;:{&quot;type&quot;:&quot;&quot;,&quot;name&quot;:&quot;&quot;,&quot;data&quot;:[],&quot;id&quot;:0}}\" data-permalink=\"\/sv\/wp-json\/wp\/v2\/pages\/374?wpv_view_count=96\">\n\n\t\n\t\n\t\t<strong>Ei tarjouksia t\u00e4ll\u00e4hetkell\u00e4.<\/strong>\n\t\n<\/div>\n[\/vc_column_text][vc_button button_color=&#8221;accent&#8221; size=&#8221;btn-lg&#8221; wide=&#8221;yes&#8221; link=&#8221;url:http%3A%2F%2Fylimaaria.skanssinapteekki.fi%2Ftarjoukset%2F|||&#8221; el_class=&#8221;kaikki-tarjoukset-nappi&#8221;]Katso kaikki tarjoukset[\/vc_button][\/vc_column][vc_column column_width_percent=&#8221;100&#8243; style=&#8221;dark&#8221; back_color=&#8221;accent&#8221; overlay_alpha=&#8221;50&#8243; gutter_size=&#8221;3&#8243; medium_width=&#8221;3&#8243; shift_x=&#8221;0&#8243; shift_y=&#8221;0&#8243; z_index=&#8221;0&#8243; width=&#8221;1\/3&#8243;][vc_column_text el_class=&#8221;lead&#8221;]<\/p>\n<h3>Nyheter<\/h3>\n<p>[\/vc_column_text][vc_column_text][custom-facebook-feed num=1][\/vc_column_text][\/vc_column][vc_column column_width_percent=&#8221;100&#8243; style=&#8221;dark&#8221; back_color=&#8221;color-dfgh&#8221; overlay_alpha=&#8221;50&#8243; gutter_size=&#8221;3&#8243; medium_width=&#8221;3&#8243; shift_x=&#8221;0&#8243; shift_y=&#8221;0&#8243; z_index=&#8221;0&#8243; width=&#8221;1\/3&#8243;][vc_column_text el_class=&#8221;lead&#8221;]<\/p>\n<h3>Terveys.fi &#8211; nyheter<\/h3>\n<p>[\/vc_column_text][vc_column_text el_class=&#8221;rss&#8221;][rssonpage rss=&#8221;http:\/\/www.apteekki.fi\/terveydeksi\/uutiset.rss&#8221; feeds=&#8221;4&#8243; excerpt=&#8221;false&#8221; target=&#8221;_blank&#8221;][\/vc_column_text][\/vc_column][\/vc_row]<\/p>\n<\/section>","protected":false},"excerpt":{"rendered":"<p>[vc_row row_height_percent=&#8221;0&#8243; override_padding=&#8221;yes&#8221; h_padding=&#8221;0&#8243; top_padding=&#8221;1&#8243; bottom_padding=&#8221;0&#8243; overlay_alpha=&#8221;50&#8243; equal_height=&#8221;yes&#8221; gutter_size=&#8221;0&#8243; shift_y=&#8221;0&#8243;][vc_column column_width_percent=&#8221;100&#8243; position_vertical=&#8221;middle&#8221; align_horizontal=&#8221;align_center&#8221; style=&#8221;dark&#8221; back_color=&#8221;accent&#8221; overlay_alpha=&#8221;50&#8243; gutter_size=&#8221;3&#8243; align_medium=&#8221;align_left_tablet&#8221; medium_width=&#8221;4&#8243; shift_x=&#8221;0&#8243; [&hellip;]<\/p>\n","protected":false},"author":1,"featured_media":0,"parent":0,"menu_order":12,"comment_status":"closed","ping_status":"open","template":"","meta":{"footnotes":""},"class_list":["post-374","page","type-page","status-publish","hentry"],"publishpress_future_action":{"enabled":false,"date":"2026-05-15 16:12:38","action":"change-status","newStatus":"draft","terms":[],"taxonomy":"page_category","extraData":[]},"publishpress_future_workflow_manual_trigger":{"enabledWorkflows":[]},"_links":{"self":[{"href":"https:\/\/ylimaarianapteekki.fi\/sv\/wp-json\/wp\/v2\/pages\/374","targetHints":{"allow":["GET"]}}],"collection":[{"href":"https:\/\/ylimaarianapteekki.fi\/sv\/wp-json\/wp\/v2\/pages"}],"about":[{"href":"https:\/\/ylimaarianapteekki.fi\/sv\/wp-json\/wp\/v2\/types\/page"}],"author":[{"embeddable":true,"href":"https:\/\/ylimaarianapteekki.fi\/sv\/wp-json\/wp\/v2\/users\/1"}],"replies":[{"embeddable":true,"href":"https:\/\/ylimaarianapteekki.fi\/sv\/wp-json\/wp\/v2\/comments?post=374"}],"version-history":[{"count":4,"href":"https:\/\/ylimaarianapteekki.fi\/sv\/wp-json\/wp\/v2\/pages\/374\/revisions"}],"predecessor-version":[{"id":714,"href":"https:\/\/ylimaarianapteekki.fi\/sv\/wp-json\/wp\/v2\/pages\/374\/revisions\/714"}],"wp:attachment":[{"href":"https:\/\/ylimaarianapteekki.fi\/sv\/wp-json\/wp\/v2\/media?parent=374"}],"curies":[{"name":"wp","href":"https:\/\/api.w.org\/{rel}","templated":true}]}}